{"id":3185,"date":"2025-11-25T11:10:26","date_gmt":"2025-11-25T11:10:26","guid":{"rendered":"https:\/\/link-ed.it\/?page_id=3185"},"modified":"2025-11-25T11:15:29","modified_gmt":"2025-11-25T11:15:29","slug":"phishing-2","status":"publish","type":"page","link":"https:\/\/link-ed.it\/index.php\/phishing-2\/","title":{"rendered":"Phishing &#8211; 2"},"content":{"rendered":"\t\t<div data-elementor-type=\"wp-page\" data-elementor-id=\"3185\" class=\"elementor elementor-3185\" data-elementor-settings=\"{&quot;ha_cmc_init_switcher&quot;:&quot;no&quot;}\" data-elementor-post-type=\"page\">\n\t\t\t\t<div class=\"elementor-element elementor-element-ade8f08 e-con-full e-flex e-con e-parent\" data-id=\"ade8f08\" data-element_type=\"container\" data-e-type=\"container\" data-settings=\"{&quot;background_background&quot;:&quot;classic&quot;,&quot;_ha_eqh_enable&quot;:false}\">\n\t\t\t\t<div class=\"elementor-element elementor-element-470966c elementor-widget elementor-widget-video\" data-id=\"470966c\" data-element_type=\"widget\" data-e-type=\"widget\" data-settings=\"{&quot;video_type&quot;:&quot;hosted&quot;,&quot;autoplay&quot;:&quot;yes&quot;,&quot;play_on_mobile&quot;:&quot;yes&quot;}\" data-widget_type=\"video.default\">\n\t\t\t\t<div class=\"elementor-widget-container\">\n\t\t\t\t\t\t\t<div class=\"e-hosted-video elementor-wrapper elementor-open-inline\">\n\t\t\t\t\t<video class=\"elementor-video\" src=\"https:\/\/link-ed.it\/wp-content\/uploads\/2025\/11\/Design-ohne-Titel.mp4\" autoplay=\"\" playsinline=\"\" controlsList=\"nodownload\"><\/video>\n\t\t\t\t<\/div>\n\t\t\t\t\t\t<\/div>\n\t\t\t\t<\/div>\n\t\t\t\t<\/div>\n\t\t<div class=\"elementor-element elementor-element-308b6f9 e-flex e-con-boxed e-con e-parent\" data-id=\"308b6f9\" data-element_type=\"container\" data-e-type=\"container\" data-settings=\"{&quot;background_background&quot;:&quot;classic&quot;,&quot;_ha_eqh_enable&quot;:false}\">\n\t\t\t\t\t<div class=\"e-con-inner\">\n\t\t\t\t<div class=\"elementor-element elementor-element-fda9e11 elementor-widget elementor-widget-spacer\" data-id=\"fda9e11\" data-element_type=\"widget\" data-e-type=\"widget\" data-widget_type=\"spacer.default\">\n\t\t\t\t<div class=\"elementor-widget-container\">\n\t\t\t\t\t\t\t<div class=\"elementor-spacer\">\n\t\t\t<div class=\"elementor-spacer-inner\"><\/div>\n\t\t<\/div>\n\t\t\t\t\t\t<\/div>\n\t\t\t\t<\/div>\n\t\t\t\t<div class=\"elementor-element elementor-element-dc0d3ca elementor-widget elementor-widget-heading\" data-id=\"dc0d3ca\" data-element_type=\"widget\" data-e-type=\"widget\" data-widget_type=\"heading.default\">\n\t\t\t\t<div class=\"elementor-widget-container\">\n\t\t\t\t\t<h2 class=\"elementor-heading-title elementor-size-default\">Ups\u2026 erwischt!<\/h2>\t\t\t\t<\/div>\n\t\t\t\t<\/div>\n\t\t\t\t<div class=\"elementor-element elementor-element-dae8dc9 elementor-widget elementor-widget-heading\" data-id=\"dae8dc9\" data-element_type=\"widget\" data-e-type=\"widget\" data-widget_type=\"heading.default\">\n\t\t\t\t<div class=\"elementor-widget-container\">\n\t\t\t\t\t<h2 class=\"elementor-heading-title elementor-size-default\">Gut, dass es nur eine \u00dcbung war.<\/h2>\t\t\t\t<\/div>\n\t\t\t\t<\/div>\n\t\t\t\t<div class=\"elementor-element elementor-element-eb21a8c elementor-widget elementor-widget-text-editor\" data-id=\"eb21a8c\" data-element_type=\"widget\" data-e-type=\"widget\" data-widget_type=\"text-editor.default\">\n\t\t\t\t<div class=\"elementor-widget-container\">\n\t\t\t\t\t\t\t\t\t<p data-start=\"315\" data-end=\"601\">Offenbar bist du auf unser internes Phishing-Training hereingefallen. Keine Sorge \u2013 daf\u00fcr ist diese \u00dcbung da.<br data-start=\"445\" data-end=\"448\" \/>Cyberkriminelle werden immer geschickter, und genau deshalb f\u00fchren wir solche Simulationen durch, um unser Team zu sch\u00fctzen und Risiken fr\u00fch zu erkennen.<\/p><p data-start=\"603\" data-end=\"822\">Wenn du lernen m\u00f6chtest, wie du echte Phishing-Mails zuverl\u00e4ssig erkennst und dich besser absicherst, kannst du direkt hier eine kurze Schulung buchen.<br data-start=\"754\" data-end=\"757\" \/>Nutze daf\u00fcr einfach das Kontaktformular \u2013 wir melden uns bei dir!<\/p>\t\t\t\t\t\t\t\t<\/div>\n\t\t\t\t<\/div>\n\t\t\t\t<div class=\"elementor-element elementor-element-99e06de elementor-align-center elementor-widget elementor-widget-button\" data-id=\"99e06de\" data-element_type=\"widget\" data-e-type=\"widget\" data-widget_type=\"button.default\">\n\t\t\t\t<div class=\"elementor-widget-container\">\n\t\t\t\t\t\t\t\t\t<div class=\"elementor-button-wrapper\">\n\t\t\t\t\t<a class=\"elementor-button elementor-button-link elementor-size-md\" href=\"https:\/\/link-ed.it\/index.php\/kontakt\/\">\n\t\t\t\t\t\t<span class=\"elementor-button-content-wrapper\">\n\t\t\t\t\t\t\t\t\t<span class=\"elementor-button-text\">Ich m\u00f6chte meine Schulung buchen<\/span>\n\t\t\t\t\t<\/span>\n\t\t\t\t\t<\/a>\n\t\t\t\t<\/div>\n\t\t\t\t\t\t\t\t<\/div>\n\t\t\t\t<\/div>\n\t\t\t\t<div class=\"elementor-element elementor-element-e35552b elementor-widget elementor-widget-spacer\" data-id=\"e35552b\" data-element_type=\"widget\" data-e-type=\"widget\" data-widget_type=\"spacer.default\">\n\t\t\t\t<div class=\"elementor-widget-container\">\n\t\t\t\t\t\t\t<div class=\"elementor-spacer\">\n\t\t\t<div class=\"elementor-spacer-inner\"><\/div>\n\t\t<\/div>\n\t\t\t\t\t\t<\/div>\n\t\t\t\t<\/div>\n\t\t\t\t\t<\/div>\n\t\t\t\t<\/div>\n\t\t\t\t<\/div>\n\t\t","protected":false},"excerpt":{"rendered":"<p>https:\/\/link-ed.it\/wp-content\/uploads\/2025\/11\/Design-ohne-Titel.mp4 Ups\u2026 erwischt! Gut, dass es nur eine \u00dcbung war. Offenbar bist du auf unser internes Phishing-Training hereingefallen. Keine Sorge \u2013 daf\u00fcr ist diese \u00dcbung da.Cyberkriminelle werden immer geschickter, und genau deshalb f\u00fchren wir solche Simulationen durch, um unser Team zu sch\u00fctzen und Risiken fr\u00fch zu erkennen. Wenn du lernen m\u00f6chtest, wie du echte Phishing-Mails [&hellip;]<\/p>\n","protected":false},"author":1,"featured_media":0,"parent":0,"menu_order":0,"comment_status":"closed","ping_status":"closed","template":"elementor_header_footer","meta":{"footnotes":""},"class_list":["post-3185","page","type-page","status-publish","hentry"],"_links":{"self":[{"href":"https:\/\/link-ed.it\/index.php\/wp-json\/wp\/v2\/pages\/3185","targetHints":{"allow":["GET"]}}],"collection":[{"href":"https:\/\/link-ed.it\/index.php\/wp-json\/wp\/v2\/pages"}],"about":[{"href":"https:\/\/link-ed.it\/index.php\/wp-json\/wp\/v2\/types\/page"}],"author":[{"embeddable":true,"href":"https:\/\/link-ed.it\/index.php\/wp-json\/wp\/v2\/users\/1"}],"replies":[{"embeddable":true,"href":"https:\/\/link-ed.it\/index.php\/wp-json\/wp\/v2\/comments?post=3185"}],"version-history":[{"count":16,"href":"https:\/\/link-ed.it\/index.php\/wp-json\/wp\/v2\/pages\/3185\/revisions"}],"predecessor-version":[{"id":3207,"href":"https:\/\/link-ed.it\/index.php\/wp-json\/wp\/v2\/pages\/3185\/revisions\/3207"}],"wp:attachment":[{"href":"https:\/\/link-ed.it\/index.php\/wp-json\/wp\/v2\/media?parent=3185"}],"curies":[{"name":"wp","href":"https:\/\/api.w.org\/{rel}","templated":true}]}}