{"id":2851,"date":"2024-03-12T10:38:32","date_gmt":"2024-03-12T10:38:32","guid":{"rendered":"https:\/\/objective-wozniak.217-79-188-77.plesk.page\/?page_id=2851"},"modified":"2024-03-12T10:52:00","modified_gmt":"2024-03-12T10:52:00","slug":"impressum-cloned-119","status":"publish","type":"page","link":"https:\/\/link-ed.it\/index.php\/impressum-cloned-119\/","title":{"rendered":"Datenschutz"},"content":{"rendered":"\t\t<div data-elementor-type=\"wp-page\" data-elementor-id=\"2851\" class=\"elementor elementor-2851\" data-elementor-settings=\"{&quot;ha_cmc_init_switcher&quot;:&quot;no&quot;}\" data-elementor-post-type=\"page\">\n\t\t\t\t<div class=\"elementor-element elementor-element-3da61e3 e-flex e-con-boxed e-con e-parent\" data-id=\"3da61e3\" data-element_type=\"container\" data-e-type=\"container\" data-settings=\"{&quot;background_background&quot;:&quot;classic&quot;,&quot;_ha_eqh_enable&quot;:false}\">\n\t\t\t\t\t<div class=\"e-con-inner\">\n\t\t\t\t<div class=\"elementor-element elementor-element-8809932 elementor-widget elementor-widget-heading\" data-id=\"8809932\" data-element_type=\"widget\" data-e-type=\"widget\" data-widget_type=\"heading.default\">\n\t\t\t\t<div class=\"elementor-widget-container\">\n\t\t\t\t\t<h2 class=\"elementor-heading-title elementor-size-default\">DATENSCHUTZ<\/h2>\t\t\t\t<\/div>\n\t\t\t\t<\/div>\n\t\t\t\t\t<\/div>\n\t\t\t\t<\/div>\n\t\t<div class=\"elementor-element elementor-element-0f59fe0 e-flex e-con-boxed e-con e-parent\" data-id=\"0f59fe0\" data-element_type=\"container\" data-e-type=\"container\" data-settings=\"{&quot;background_background&quot;:&quot;classic&quot;,&quot;_ha_eqh_enable&quot;:false}\">\n\t\t\t\t\t<div class=\"e-con-inner\">\n\t\t<div class=\"elementor-element elementor-element-bb5e0db e-flex e-con-boxed e-con e-parent\" data-id=\"bb5e0db\" data-element_type=\"container\" data-e-type=\"container\" data-settings=\"{&quot;background_background&quot;:&quot;classic&quot;,&quot;_ha_eqh_enable&quot;:false}\">\n\t\t\t\t\t<div class=\"e-con-inner\">\n\t\t\t\t<div class=\"elementor-element elementor-element-ca8a12a elementor-widget elementor-widget-text-editor\" data-id=\"ca8a12a\" data-element_type=\"widget\" data-e-type=\"widget\" data-widget_type=\"text-editor.default\">\n\t\t\t\t<div class=\"elementor-widget-container\">\n\t\t\t\t\t\t\t\t\t<div id=\"page-content\" class=\"page-content\">\n<div class=\"gridContainer content\">\n<div id=\"post-35\" class=\"post-35 page type-page status-publish hentry\">\n<div>\n<p><strong>Datenschutzerkl\u00e4rung<\/strong><br \/>Wir freuen uns Sie auf unserer Webseite begr\u00fc\u00dfen zu d\u00fcrfen und das Sie Interesse an unserem Unternehmen haben. Dabei ist es uns ein wichtiges Anliegen Ihre personenbezogenen Daten zu sch\u00fctzen. Personenbezogene Daten sind dabei alle Informationen von nat\u00fcrlichen Personen, die aufgrund dieser Informationen ob pers\u00f6nlich oder sachlicher Art dadurch bestimmt sind oder bestimmbar werden. Unter den Begriff Personenbezogene Daten fallen zum Beispiel Daten wie Name, Vorname, Adresse, Telefonnummer, aber auch die IP-Adresse z\u00e4hlt heutzutage zu den personenbezogenen Daten.<\/p>\n<p>Auf unserem Internet-Auftritt erheben und verarbeiten wir personenbezogene Daten. Diese unterliegen einem gesetzlichen Schutz, an den wir uns halten. In den folgenden Punkten werden wir Ihnen Informationen \u00fcber den Datenschutz geben und Ihnen mitteilen auf welche Art und Weise wir personenbezogene Daten erheben und verarbeiten. Diese Verarbeitung erfolgt dabei im Einklang mit der EU-Datenschutzgrundverordnung, der Bundesdatenschutzgesetz-2018 wie auch weiterer nationaler Regelungen.<\/p>\n<p><strong>Verantwortlicher im Sinne des Artikels 4 Absatz 7 der EU-DSGVO<\/strong><br \/>link-ed.IT<br \/>Stefan W\u00e4hler eingetragener Kaufmann<br \/>Gesch\u00e4ftsf\u00fchrer: Stefan W\u00e4hler<br \/>Steinhauser Bergstra\u00dfe 47 DE \u2013 58332 Schwelm<\/p>\n<p>Name und Kontaktdaten des Datenschutzbeauftragten<\/p>\n<p>Sie k\u00f6nnen sich jederzeit an unsere verantwortliche Person f\u00fcr den Datenschutz in unserem Unternehmen wenden:<\/p>\n<p>link-ed.IT<br \/>Florian Frischkorn<br \/><a href=\"https:\/\/link-ed.it\/datenschutz\/datenschutz@link-ed.it\">datenschutz@link-ed.it<\/a><\/p>\n<p><strong>Betroffenenrechte<\/strong><br \/>Sie haben aufgrund der EU-Datenschutzgrundverordnung als Betroffener verschiedene Rechte, die Sie selbstverst\u00e4ndlich auch bei unserem Unternehmen wahrnehmen k\u00f6nnen. Bitte kontaktieren Sie uns diesbez\u00fcglich unter den oben angef\u00fchrten Kontaktdaten.<\/p>\n<p><strong>Folgende Rechte haben Sie als Betroffener:<\/strong><br \/>\u2013\u00a0\u00a0\u00a0\u00a0\u00a0\u00a0\u00a0\u00a0\u00a0\u00a0\u00a0\u00a0\u00a0 Recht auf Auskunft<br \/>\u2013\u00a0\u00a0\u00a0\u00a0\u00a0\u00a0\u00a0\u00a0\u00a0\u00a0\u00a0\u00a0\u00a0 Recht auf Berichtigung<br \/>\u2013\u00a0\u00a0\u00a0\u00a0\u00a0\u00a0\u00a0\u00a0\u00a0\u00a0\u00a0\u00a0\u00a0 Recht auf L\u00f6schung (Recht auf Vergessen werden)<br \/>\u2013\u00a0\u00a0\u00a0\u00a0\u00a0\u00a0\u00a0\u00a0\u00a0\u00a0\u00a0\u00a0\u00a0 Recht auf Einschr\u00e4nkung<br \/>\u2013\u00a0\u00a0\u00a0\u00a0\u00a0\u00a0\u00a0\u00a0\u00a0\u00a0\u00a0\u00a0\u00a0 Recht auf Widerspruch<br \/>\u2013\u00a0\u00a0\u00a0\u00a0\u00a0\u00a0\u00a0\u00a0\u00a0\u00a0\u00a0\u00a0\u00a0 Recht auf Daten\u00fcbertragbarkeit<\/p>\n<p>Sie k\u00f6nnen auch jederzeit eine uns gegebene Einwilligung unter den oben genannten Kontaktdaten widerrufen.<\/p>\n<p>Sie haben weiterhin das Recht eine Beschwerde bei der f\u00fcr Sie zust\u00e4ndigen Aufsichtsbeh\u00f6rde einzureichen. Die f\u00fcr Sie zust\u00e4ndige Aufsichtsbeh\u00f6rde richtet sich nach dem jeweiligen Bundesland, in dem Ihr Wohnsitz ist. Eine Liste der jeweiligen Aufsichtsbeh\u00f6rden finden Sie unter:\u00a0<a href=\"https:\/\/www.bfdi.bund.de\/DE\/Infothek\/Anschriften_Links\/anschriften_links-node.html\">https:\/\/www.bfdi.bund.de\/DE\/Infothek\/Anschriften_Links\/anschriften_links-node.html<\/a><\/p>\n<p><strong>L\u00f6schung \/ Sperrung von personenbezogenen Daten<br \/><\/strong>Ein wichtiger Grundsatz der EU-Datenschutzgrundverordnung ist die Datenvermeidung und Datensparsamkeit. Unser Unternehmen h\u00e4lt sich an diese Grunds\u00e4tze und wir speichern personenbezogene Daten nur so lange, wie dies f\u00fcr die erhobenen Zwecke auch erforderlich ist bzw. entsprechend der gesetzlichen Aufbewahrungsfristen. Nach Wegfall einer entsprechenden Grundlage (Vertrag, Einwilligung, gesetzliche Regelung,\u2026) l\u00f6schen bzw. sperren wir diese Daten routinem\u00e4\u00dfig.<\/p>\n<p><strong>Erhebung von Daten beim Besuch unserer Webseite<br \/><\/strong>Beim Aufruf unserer Webseite werden automatisch von unserem Server Daten erhoben und folgende Daten werden in den Logfiles unseres Systems gespeichert:<\/p>\n<p>\u2013\u00a0\u00a0\u00a0\u00a0\u00a0\u00a0\u00a0\u00a0\u00a0\u00a0\u00a0\u00a0\u00a0 Browsertyp und Versionierung<br \/>\u2013\u00a0\u00a0\u00a0\u00a0\u00a0\u00a0\u00a0\u00a0\u00a0\u00a0\u00a0\u00a0\u00a0 Verwendetes Betriebssystem des Anfragenden<br \/>\u2013\u00a0\u00a0\u00a0\u00a0\u00a0\u00a0\u00a0\u00a0\u00a0\u00a0\u00a0\u00a0\u00a0 IP-Adresse<br \/>\u2013\u00a0\u00a0\u00a0\u00a0\u00a0\u00a0\u00a0\u00a0\u00a0\u00a0\u00a0\u00a0\u00a0 Datum und Uhrzeit der Anfrage der Webseite<br \/>\u2013\u00a0\u00a0\u00a0\u00a0\u00a0\u00a0\u00a0\u00a0\u00a0\u00a0\u00a0\u00a0\u00a0 Domainnamen des Providers<\/p>\n<p>Eine direkte Zuordnung der personenbezogenen Daten zu einem konkreten Benutzer wird dabei nicht erfolgen, so dass eine Identifizierung zu einzelnen Seitenbesuchern nicht stattfinden wird.<\/p>\n<p>Wir erheben diese Daten aufgrund unserem berechtigten Interesses um die Technik weiter zu optimieren, den Aufbau der Verbindung zu unserer Webseite sicher zu stellen, die Verf\u00fcgbarkeit unserer Web-Services sicher zu stellen und zu weiteren administrativen Zwecken.<\/p>\n<p>Gegebenenfalls\u00a0 werden anonymisierte Informationen zu statistischen Zwecken ausgewertet, die jedoch wiederum keine R\u00fcckschl\u00fcsse auf bestimmte oder bestimmbare Personen erm\u00f6glicht.<\/p>\n<p><strong>SSL-Verschl\u00fcsselung der Webseite<br \/><\/strong>Um die \u00dcbertragung Ihrer Daten zu sch\u00fctzen, setzen wir auf unserer Webseite eine entsprechende Verschl\u00fcsselung ein (z. B. SSL) \u00fcber HTTPS.Google Maps<\/p>\n<p>Unsere Webseite\u00a0 verwendet die\u00a0 Google Maps API, um geographische Informationen visuell darzustellen. Bei der Nutzung von Google Maps werden von Google auch Daten \u00fcber die Nutzung der Maps-Funktionen durch Besucher der Webseiten erhoben, verarbeitet und genutzt.<\/p>\n<p>N\u00e4here Informationen \u00fcber die Datenverarbeitung durch Google k\u00f6nnen Sie in den Datenschutzhinweisen von Google entnehmen:\u00a0<a href=\"http:\/\/www.google.com\/privacypolicy.html\">http:\/\/www.google.com\/privacypolicy.html<\/a>. Dort k\u00f6nnen Sie im Datenschutzcenter auch Ihre Einstellungen ver\u00e4ndern, so dass Sie Ihre Daten verwalten und sch\u00fctzen k\u00f6nnen.Google Analytics<\/p>\n<p>Diese Website benutzt Google Analytics, einen Webanalysedienst der Google Inc. (folgend: Google). Google Analytics verwendet sog. \u201eCookies\u201c, also Textdateien, die auf Ihrem Computer gespeichert werden und die eine Analyse der Benutzung der Webseite durch Sie erm\u00f6glichen. Die durch das Cookie erzeugten Informationen \u00fcber Ihre Benutzung dieser Webseite werden in der Regel an einen Server von Google in den USA \u00fcbertragen und dort gespeichert. Aufgrund der Aktivierung der IP-Anonymisierung auf diesen Webseiten, wird Ihre IP-Adresse von Google jedoch innerhalb von Mitgliedstaaten der Europ\u00e4ischen Union oder in anderen Vertragsstaaten des Abkommens \u00fcber den Europ\u00e4ischen Wirtschaftsraum zuvor gek\u00fcrzt. Nur in Ausnahmef\u00e4llen wird die volle IP-Adresse an einen Server von Google in den USA \u00fcbertragen und dort gek\u00fcrzt. Im Auftrag des Betreibers dieser Website wird Google diese Informationen benutzen, um Ihre Nutzung der Webseite auszuwerten, um Reports \u00fcber die Webseitenaktivit\u00e4ten zusammenzustellen und um weitere mit der Websitenutzung und der Internetnutzung verbundene Dienstleistungen gegen\u00fcber dem Webseitenbetreiber zu erbringen. Die im Rahmen von Google Analytics von Ihrem Browser \u00fcbermittelte IP-Adresse wird nicht mit anderen Daten von Google zusammengef\u00fchrt.<\/p>\n<p>Die Zwecke der Datenverarbeitung liegen in der Auswertung der Nutzung der Website und in der Zusammenstellung von Reports \u00fcber Aktivit\u00e4ten auf der Website. Auf Grundlage der Nutzung der Website und des Internets sollen dann weitere verbundene Dienstleistungen erbracht werden. Die Verarbeitung beruht auf dem berechtigten Interesse des Webseitenbetreibers.<\/p>\n<p>Sie k\u00f6nnen die Speicherung der Cookies durch eine entsprechende Einstellung Ihrer Browser-Software verhindern; wir weisen Sie jedoch darauf hin, dass Sie in diesem Fall gegebenenfalls nicht s\u00e4mtliche Funktionen dieser Website vollumf\u00e4nglich werden nutzen k\u00f6nnen. Sie k\u00f6nnen dar\u00fcber hinaus die Erfassung der durch das Cookie erzeugten und auf Ihre Nutzung der Webseite bezogenen Daten (inkl. Ihrer IP-Adresse) an Google sowie die Verarbeitung dieser Daten durch Google verhindern, indem sie das unter dem folgenden Link verf\u00fcgbare Browser-Plugin herunterladen und installieren:<br \/><a href=\"https:\/\/tools.google.com\/dlpage\/gaoptout\/eula.html?hl=de\">Browser Add On zur Deaktivierung von Google Analytics<\/a>.<\/p>\n<p><strong>Kommunikation per Email mit uns<br \/><\/strong>Falls Sie per Email mit uns in Kontakt treten und Sie uns diese Email unverschl\u00fcsselt zukommen lassen, k\u00f6nnen wir die Datensicherheit des \u00dcbertragungsweges zu uns nicht gew\u00e4hrleisten. Falls Sie uns Daten mit einem Schutzbedarf zukommen lassen m\u00f6chten, so bitten wir Sie uns diese nur verschl\u00fcsselt zukommen zu lassen oder den Postweg zu w\u00e4hlen.<\/p>\n<p><strong>\u00c4nderung unserer Datenschutzerkl\u00e4rung<\/strong><br \/>Wie behalten uns vor unsere Datenschutzerkl\u00e4rung jederzeit anzupassen um diese auf dem aktuellen Stand in Bezug auf unserer Services zu halten. Bei einem erneuten Besuch unserer Webseite gilt dann die jeweils aktuelle Datenschutzerkl\u00e4rung.<\/p>\n<\/div>\n<\/div>\n<\/div>\n<\/div>\n<div class=\"footer footer-simple\">\n<div class=\"footer-content center-xs\">\n<div class=\"gridContainer\">\n<div class=\"row middle-xs footer-content-row\">\n<div class=\"footer-content-col col-xs-12\">\u00a0<\/div>\n<\/div>\n<\/div>\n<\/div>\n<\/div>\t\t\t\t\t\t\t\t<\/div>\n\t\t\t\t<\/div>\n\t\t\t\t\t<\/div>\n\t\t\t\t<\/div>\n\t\t\t\t\t<\/div>\n\t\t\t\t<\/div>\n\t\t\t\t<\/div>\n\t\t","protected":false},"excerpt":{"rendered":"<p>DATENSCHUTZ Datenschutzerkl\u00e4rungWir freuen uns Sie auf unserer Webseite begr\u00fc\u00dfen zu d\u00fcrfen und das Sie Interesse an unserem Unternehmen haben. Dabei ist es uns ein wichtiges Anliegen Ihre personenbezogenen Daten zu sch\u00fctzen. Personenbezogene Daten sind dabei alle Informationen von nat\u00fcrlichen Personen, die aufgrund dieser Informationen ob pers\u00f6nlich oder sachlicher Art dadurch bestimmt sind oder bestimmbar werden. [&hellip;]<\/p>\n","protected":false},"author":1,"featured_media":0,"parent":0,"menu_order":0,"comment_status":"closed","ping_status":"closed","template":"elementor_header_footer","meta":{"footnotes":""},"class_list":["post-2851","page","type-page","status-publish","hentry"],"_links":{"self":[{"href":"https:\/\/link-ed.it\/index.php\/wp-json\/wp\/v2\/pages\/2851","targetHints":{"allow":["GET"]}}],"collection":[{"href":"https:\/\/link-ed.it\/index.php\/wp-json\/wp\/v2\/pages"}],"about":[{"href":"https:\/\/link-ed.it\/index.php\/wp-json\/wp\/v2\/types\/page"}],"author":[{"embeddable":true,"href":"https:\/\/link-ed.it\/index.php\/wp-json\/wp\/v2\/users\/1"}],"replies":[{"embeddable":true,"href":"https:\/\/link-ed.it\/index.php\/wp-json\/wp\/v2\/comments?post=2851"}],"version-history":[{"count":0,"href":"https:\/\/link-ed.it\/index.php\/wp-json\/wp\/v2\/pages\/2851\/revisions"}],"wp:attachment":[{"href":"https:\/\/link-ed.it\/index.php\/wp-json\/wp\/v2\/media?parent=2851"}],"curies":[{"name":"wp","href":"https:\/\/api.w.org\/{rel}","templated":true}]}}