{"id":1364,"date":"2023-08-03T09:24:07","date_gmt":"2023-08-03T09:24:07","guid":{"rendered":"https:\/\/objective-wozniak.217-79-188-77.plesk.page\/?page_id=1364"},"modified":"2024-03-15T10:18:58","modified_gmt":"2024-03-15T10:18:58","slug":"3cx","status":"publish","type":"page","link":"https:\/\/link-ed.it\/index.php\/3cx\/","title":{"rendered":"3cx"},"content":{"rendered":"\t\t<div data-elementor-type=\"wp-page\" data-elementor-id=\"1364\" class=\"elementor elementor-1364\" data-elementor-settings=\"{&quot;ha_cmc_init_switcher&quot;:&quot;no&quot;}\" data-elementor-post-type=\"page\">\n\t\t\t\t<div class=\"elementor-element elementor-element-c0e961a e-con-full e-flex e-con e-parent\" data-id=\"c0e961a\" data-element_type=\"container\" data-e-type=\"container\" data-settings=\"{&quot;background_background&quot;:&quot;classic&quot;,&quot;_ha_eqh_enable&quot;:false}\">\n\t\t<div class=\"elementor-element elementor-element-2ac83eb e-flex e-con-boxed e-con e-child\" data-id=\"2ac83eb\" data-element_type=\"container\" data-e-type=\"container\" data-settings=\"{&quot;_ha_eqh_enable&quot;:false}\">\n\t\t\t\t\t<div class=\"e-con-inner\">\n\t\t\t\t<div class=\"elementor-element elementor-element-3884433 elementor-widget elementor-widget-heading\" data-id=\"3884433\" data-element_type=\"widget\" data-e-type=\"widget\" data-widget_type=\"heading.default\">\n\t\t\t\t<div class=\"elementor-widget-container\">\n\t\t\t\t\t<h2 class=\"elementor-heading-title elementor-size-default\">Willkommen in der Zukunft der Kommunikation \u2013 erleben Sie es bereits heute!<\/h2>\t\t\t\t<\/div>\n\t\t\t\t<\/div>\n\t\t\t\t\t<\/div>\n\t\t\t\t<\/div>\n\t\t\t\t<\/div>\n\t\t<div class=\"elementor-element elementor-element-13bda01 e-flex e-con-boxed e-con e-parent\" data-id=\"13bda01\" data-element_type=\"container\" data-e-type=\"container\" data-settings=\"{&quot;background_background&quot;:&quot;classic&quot;,&quot;_ha_eqh_enable&quot;:&quot;yes&quot;,&quot;_ha_eqh_widget&quot;:[&quot;heading&quot;,&quot;text-editor&quot;,&quot;button&quot;,&quot;image&quot;],&quot;_ha_eqh_to&quot;:&quot;widget&quot;,&quot;_ha_eqh_disable_on_tablet&quot;:&quot;no&quot;,&quot;_ha_eqh_disable_on_mobile&quot;:&quot;yes&quot;}\">\n\t\t\t\t\t<div class=\"e-con-inner\">\n\t\t<div class=\"elementor-element elementor-element-b29c9d6 e-con-full e-flex e-con e-child\" data-id=\"b29c9d6\" data-element_type=\"container\" data-e-type=\"container\" data-settings=\"{&quot;_ha_eqh_enable&quot;:false}\">\n\t\t<div class=\"elementor-element elementor-element-42e263c e-flex e-con-boxed e-con e-child\" data-id=\"42e263c\" data-element_type=\"container\" data-e-type=\"container\" data-settings=\"{&quot;_ha_eqh_enable&quot;:false}\">\n\t\t\t\t\t<div class=\"e-con-inner\">\n\t\t\t\t<div class=\"elementor-element elementor-element-28901b7 elementor-widget__width-initial elementor-widget elementor-widget-image\" data-id=\"28901b7\" data-element_type=\"widget\" data-e-type=\"widget\" data-widget_type=\"image.default\">\n\t\t\t\t<div class=\"elementor-widget-container\">\n\t\t\t\t\t\t\t\t\t\t\t\t\t\t\t<img decoding=\"async\" width=\"140\" height=\"140\" src=\"https:\/\/link-ed.it\/wp-content\/uploads\/2024\/03\/silver-partner.webp\" class=\"attachment-large size-large wp-image-2742\" alt=\"\" \/>\t\t\t\t\t\t\t\t\t\t\t\t\t\t\t<\/div>\n\t\t\t\t<\/div>\n\t\t\t\t\t<\/div>\n\t\t\t\t<\/div>\n\t\t\t\t<div class=\"elementor-element elementor-element-01d0111 elementor-widget elementor-widget-text-editor\" data-id=\"01d0111\" data-element_type=\"widget\" data-e-type=\"widget\" data-widget_type=\"text-editor.default\">\n\t\t\t\t<div class=\"elementor-widget-container\">\n\t\t\t\t\t\t\t\t\t<p>Wir m\u00f6chten Ihnen zeigen, wie die 3CX VoIP-Telefonanlage Ihre t\u00e4gliche Gesch\u00e4ftskommunikation auf eine ganz pers\u00f6nliche Ebene hebt. Nehmen Sie Anrufe au\u00dferhalb des B\u00fcros ganz bequem auf Ihrem Smartphone entgegen oder im Home Office mit derselben Rufnummer wie im B\u00fcro. Erleben Sie die Leichtigkeit von Instant Messaging und unterst\u00fctzen Sie Ihre Mitarbeiter dabei, ihre Produktivit\u00e4t durch Face-to-Face Webkonferenzen zu steigern. Willkommen in einer Welt, in der Kommunikation nicht nur einfacher, sondern auch pers\u00f6nlicher wird \u2013 heute schon f\u00fcr Sie verf\u00fcgbar.<\/p>\t\t\t\t\t\t\t\t<\/div>\n\t\t\t\t<\/div>\n\t\t\t\t<\/div>\n\t\t\t\t\t<\/div>\n\t\t\t\t<\/div>\n\t\t<div class=\"elementor-element elementor-element-56882b6 e-flex e-con-boxed elementor-invisible e-con e-parent\" data-id=\"56882b6\" data-element_type=\"container\" data-e-type=\"container\" data-settings=\"{&quot;background_background&quot;:&quot;classic&quot;,&quot;_ha_eqh_enable&quot;:&quot;yes&quot;,&quot;_ha_eqh_widget&quot;:[&quot;heading&quot;,&quot;text-editor&quot;,&quot;button&quot;,&quot;image&quot;],&quot;animation&quot;:&quot;fadeInLeft&quot;,&quot;_ha_eqh_to&quot;:&quot;widget&quot;,&quot;_ha_eqh_disable_on_tablet&quot;:&quot;no&quot;,&quot;_ha_eqh_disable_on_mobile&quot;:&quot;yes&quot;}\">\n\t\t\t\t\t<div class=\"e-con-inner\">\n\t\t<div class=\"elementor-element elementor-element-81732fd e-con-full e-flex e-con e-child\" data-id=\"81732fd\" data-element_type=\"container\" data-e-type=\"container\" data-settings=\"{&quot;_ha_eqh_enable&quot;:false}\">\n\t\t\t\t<div class=\"elementor-element elementor-element-dd71d01 elementor-widget elementor-widget-heading\" data-id=\"dd71d01\" data-element_type=\"widget\" data-e-type=\"widget\" data-widget_type=\"heading.default\">\n\t\t\t\t<div class=\"elementor-widget-container\">\n\t\t\t\t\t<h2 class=\"elementor-heading-title elementor-size-default\">Senken Sie Ihre Telefonkosten um satte 80%<\/h2>\t\t\t\t<\/div>\n\t\t\t\t<\/div>\n\t\t\t\t<div class=\"elementor-element elementor-element-18b6928 elementor-widget elementor-widget-text-editor\" data-id=\"18b6928\" data-element_type=\"widget\" data-e-type=\"widget\" data-widget_type=\"text-editor.default\">\n\t\t\t\t<div class=\"elementor-widget-container\">\n\t\t\t\t\t\t\t\t\t<p>Ihre Au\u00dfendienst- und Home-Office-Mitarbeiter f\u00fchren problemlos kostenlose Gespr\u00e4che \u00fcber Softphones f\u00fcr Android, iOS, Windows, MacOS und den Webclient \u2013 von \u00fcberall aus. Zus\u00e4tzlich k\u00f6nnen Sie Niederlassungen nahtlos einbinden und internationale Direktdurchwahlen nutzen, um die Kundenkommunikation zu optimieren und die Kundenzufriedenheit zu steigern.<\/p>\t\t\t\t\t\t\t\t<\/div>\n\t\t\t\t<\/div>\n\t\t\t\t<\/div>\n\t\t<div class=\"elementor-element elementor-element-ef6b105 e-con-full e-flex e-con e-child\" data-id=\"ef6b105\" data-element_type=\"container\" data-e-type=\"container\" data-settings=\"{&quot;_ha_eqh_enable&quot;:false}\">\n\t\t\t\t<div class=\"elementor-element elementor-element-f91f6a1 elementor-widget elementor-widget-image\" data-id=\"f91f6a1\" data-element_type=\"widget\" data-e-type=\"widget\" data-widget_type=\"image.default\">\n\t\t\t\t<div class=\"elementor-widget-container\">\n\t\t\t\t\t\t\t\t\t\t\t\t\t\t\t<img fetchpriority=\"high\" decoding=\"async\" width=\"595\" height=\"336\" src=\"https:\/\/link-ed.it\/wp-content\/uploads\/2023\/08\/webclient-apps.png\" class=\"attachment-large size-large wp-image-1370\" alt=\"\" srcset=\"https:\/\/link-ed.it\/wp-content\/uploads\/2023\/08\/webclient-apps.png 595w, https:\/\/link-ed.it\/wp-content\/uploads\/2023\/08\/webclient-apps-300x169.png 300w\" sizes=\"(max-width: 595px) 100vw, 595px\" \/>\t\t\t\t\t\t\t\t\t\t\t\t\t\t\t<\/div>\n\t\t\t\t<\/div>\n\t\t\t\t<\/div>\n\t\t\t\t\t<\/div>\n\t\t\t\t<\/div>\n\t\t<div class=\"elementor-element elementor-element-af84575 e-flex e-con-boxed elementor-invisible e-con e-parent\" data-id=\"af84575\" data-element_type=\"container\" data-e-type=\"container\" data-settings=\"{&quot;background_background&quot;:&quot;classic&quot;,&quot;_ha_eqh_enable&quot;:&quot;yes&quot;,&quot;_ha_eqh_widget&quot;:[&quot;heading&quot;,&quot;text-editor&quot;,&quot;button&quot;,&quot;image&quot;],&quot;animation&quot;:&quot;fadeInRight&quot;,&quot;_ha_eqh_to&quot;:&quot;widget&quot;,&quot;_ha_eqh_disable_on_tablet&quot;:&quot;no&quot;,&quot;_ha_eqh_disable_on_mobile&quot;:&quot;yes&quot;}\">\n\t\t\t\t\t<div class=\"e-con-inner\">\n\t\t<div class=\"elementor-element elementor-element-3952e51 e-con-full e-flex e-con e-child\" data-id=\"3952e51\" data-element_type=\"container\" data-e-type=\"container\" data-settings=\"{&quot;_ha_eqh_enable&quot;:false}\">\n\t\t\t\t<div class=\"elementor-element elementor-element-f53baec elementor-widget elementor-widget-image\" data-id=\"f53baec\" data-element_type=\"widget\" data-e-type=\"widget\" data-widget_type=\"image.default\">\n\t\t\t\t<div class=\"elementor-widget-container\">\n\t\t\t\t\t\t\t\t\t\t\t\t\t\t\t<img decoding=\"async\" width=\"548\" height=\"331\" src=\"https:\/\/link-ed.it\/wp-content\/uploads\/2023\/08\/live-chat-hmpg.png\" class=\"attachment-large size-large wp-image-1369\" alt=\"\" srcset=\"https:\/\/link-ed.it\/wp-content\/uploads\/2023\/08\/live-chat-hmpg.png 548w, https:\/\/link-ed.it\/wp-content\/uploads\/2023\/08\/live-chat-hmpg-300x181.png 300w\" sizes=\"(max-width: 548px) 100vw, 548px\" \/>\t\t\t\t\t\t\t\t\t\t\t\t\t\t\t<\/div>\n\t\t\t\t<\/div>\n\t\t\t\t<\/div>\n\t\t<div class=\"elementor-element elementor-element-0412a59 e-con-full e-flex e-con e-child\" data-id=\"0412a59\" data-element_type=\"container\" data-e-type=\"container\" data-settings=\"{&quot;_ha_eqh_enable&quot;:false}\">\n\t\t\t\t<div class=\"elementor-element elementor-element-ced6087 elementor-widget elementor-widget-heading\" data-id=\"ced6087\" data-element_type=\"widget\" data-e-type=\"widget\" data-widget_type=\"heading.default\">\n\t\t\t\t<div class=\"elementor-widget-container\">\n\t\t\t\t\t<h2 class=\"elementor-heading-title elementor-size-default\">Telefonie, die Ihr Budget respektiert<\/h2>\t\t\t\t<\/div>\n\t\t\t\t<\/div>\n\t\t\t\t<div class=\"elementor-element elementor-element-33a615f elementor-widget elementor-widget-text-editor\" data-id=\"33a615f\" data-element_type=\"widget\" data-e-type=\"widget\" data-widget_type=\"text-editor.default\">\n\t\t\t\t<div class=\"elementor-widget-container\">\n\t\t\t\t\t\t\t\t\t<p>Traditionelle Telefonanlagen sind unflexibel und kostenintensiv bei Erweiterungen. Cloud-Telefonanlagen bieten Skalierbarkeit, jedoch oft mit teuren Vertr\u00e4gen. Mit 3CX haben Sie die Wahl: Selbst hosten, Cloud-Anbieter nutzen oder auf eigener Hardware virtualisieren.<\/p>\t\t\t\t\t\t\t\t<\/div>\n\t\t\t\t<\/div>\n\t\t\t\t<\/div>\n\t\t\t\t\t<\/div>\n\t\t\t\t<\/div>\n\t\t<div class=\"elementor-element elementor-element-713e1d1 e-flex e-con-boxed elementor-invisible e-con e-parent\" data-id=\"713e1d1\" data-element_type=\"container\" data-e-type=\"container\" data-settings=\"{&quot;animation&quot;:&quot;fadeInLeft&quot;,&quot;background_background&quot;:&quot;classic&quot;,&quot;_ha_eqh_enable&quot;:false}\">\n\t\t\t\t\t<div class=\"e-con-inner\">\n\t\t<div class=\"elementor-element elementor-element-438244a e-con-full e-flex e-con e-child\" data-id=\"438244a\" data-element_type=\"container\" data-e-type=\"container\" data-settings=\"{&quot;_ha_eqh_enable&quot;:false}\">\n\t\t\t\t<div class=\"elementor-element elementor-element-ad0c24b elementor-widget elementor-widget-spacer\" data-id=\"ad0c24b\" data-element_type=\"widget\" data-e-type=\"widget\" data-widget_type=\"spacer.default\">\n\t\t\t\t<div class=\"elementor-widget-container\">\n\t\t\t\t\t\t\t<div class=\"elementor-spacer\">\n\t\t\t<div class=\"elementor-spacer-inner\"><\/div>\n\t\t<\/div>\n\t\t\t\t\t\t<\/div>\n\t\t\t\t<\/div>\n\t\t\t\t<div class=\"elementor-element elementor-element-a748caa elementor-widget elementor-widget-heading\" data-id=\"a748caa\" data-element_type=\"widget\" data-e-type=\"widget\" data-widget_type=\"heading.default\">\n\t\t\t\t<div class=\"elementor-widget-container\">\n\t\t\t\t\t<h2 class=\"elementor-heading-title elementor-size-default\">Reisen leicht gemacht mit 3CX Webkonferenzen<\/h2>\t\t\t\t<\/div>\n\t\t\t\t<\/div>\n\t\t\t\t<div class=\"elementor-element elementor-element-11ac7df elementor-widget elementor-widget-text-editor\" data-id=\"11ac7df\" data-element_type=\"widget\" data-e-type=\"widget\" data-widget_type=\"text-editor.default\">\n\t\t\t\t<div class=\"elementor-widget-container\">\n\t\t\t\t\t\t\t\t\t<p style=\"text-align: center;\">Unsere integrierte Web- und Videokonferenzl\u00f6sung von 3CX spart Zeit und Geld f\u00fcr Reisen. Benutzer k\u00f6nnen weltweit Web-Meetings durchf\u00fchren und die Vorteile pers\u00f6nlicher Kommunikation nutzen, dank der innovativen WebRTC-Technologie.<\/p>\t\t\t\t\t\t\t\t<\/div>\n\t\t\t\t<\/div>\n\t\t\t\t<\/div>\n\t\t<div class=\"elementor-element elementor-element-e4df0ba e-con-full e-flex e-con e-child\" data-id=\"e4df0ba\" data-element_type=\"container\" data-e-type=\"container\" data-settings=\"{&quot;_ha_eqh_enable&quot;:false}\">\n\t\t\t\t<div class=\"elementor-element elementor-element-302c36d elementor-widget elementor-widget-image\" data-id=\"302c36d\" data-element_type=\"widget\" data-e-type=\"widget\" data-widget_type=\"image.default\">\n\t\t\t\t<div class=\"elementor-widget-container\">\n\t\t\t\t\t\t\t\t\t\t\t\t\t\t\t<img loading=\"lazy\" decoding=\"async\" width=\"350\" height=\"306\" src=\"https:\/\/link-ed.it\/wp-content\/uploads\/2023\/09\/ip-telefonie-videokonferenzen.png\" class=\"attachment-large size-large wp-image-1817\" alt=\"\" srcset=\"https:\/\/link-ed.it\/wp-content\/uploads\/2023\/09\/ip-telefonie-videokonferenzen.png 350w, https:\/\/link-ed.it\/wp-content\/uploads\/2023\/09\/ip-telefonie-videokonferenzen-300x262.png 300w\" sizes=\"(max-width: 350px) 100vw, 350px\" \/>\t\t\t\t\t\t\t\t\t\t\t\t\t\t\t<\/div>\n\t\t\t\t<\/div>\n\t\t\t\t<\/div>\n\t\t\t\t\t<\/div>\n\t\t\t\t<\/div>\n\t\t<div class=\"elementor-element elementor-element-ec2ff8f e-flex e-con-boxed e-con e-parent\" data-id=\"ec2ff8f\" data-element_type=\"container\" data-e-type=\"container\" data-settings=\"{&quot;background_background&quot;:&quot;classic&quot;,&quot;_ha_eqh_enable&quot;:false}\">\n\t\t\t\t\t<div class=\"e-con-inner\">\n\t\t<div class=\"elementor-element elementor-element-37f729d e-flex e-con-boxed e-con e-child\" data-id=\"37f729d\" data-element_type=\"container\" data-e-type=\"container\" data-settings=\"{&quot;background_background&quot;:&quot;classic&quot;,&quot;_ha_eqh_enable&quot;:false}\">\n\t\t\t\t\t<div class=\"e-con-inner\">\n\t\t\t\t<div class=\"elementor-element elementor-element-11d3859 elementor-widget elementor-widget-heading\" data-id=\"11d3859\" data-element_type=\"widget\" data-e-type=\"widget\" data-widget_type=\"heading.default\">\n\t\t\t\t<div class=\"elementor-widget-container\">\n\t\t\t\t\t<h2 class=\"elementor-heading-title elementor-size-default\">Sichern Sie sich jetzt Ihr unverbindliches Angebot!<\/h2>\t\t\t\t<\/div>\n\t\t\t\t<\/div>\n\t\t\t\t<div class=\"elementor-element elementor-element-d35395a elementor-align-center elementor-widget elementor-widget-button\" data-id=\"d35395a\" data-element_type=\"widget\" data-e-type=\"widget\" data-widget_type=\"button.default\">\n\t\t\t\t<div class=\"elementor-widget-container\">\n\t\t\t\t\t\t\t\t\t<div class=\"elementor-button-wrapper\">\n\t\t\t\t\t<a class=\"elementor-button elementor-button-link elementor-size-md\" href=\"https:\/\/link-ed.it\/index.php\/kontakt\/\">\n\t\t\t\t\t\t<span class=\"elementor-button-content-wrapper\">\n\t\t\t\t\t\t\t\t\t<span class=\"elementor-button-text\">Hier informieren!<\/span>\n\t\t\t\t\t<\/span>\n\t\t\t\t\t<\/a>\n\t\t\t\t<\/div>\n\t\t\t\t\t\t\t\t<\/div>\n\t\t\t\t<\/div>\n\t\t\t\t\t<\/div>\n\t\t\t\t<\/div>\n\t\t\t\t<div class=\"elementor-element elementor-element-2ec4b73 elementor-widget elementor-widget-spacer\" data-id=\"2ec4b73\" data-element_type=\"widget\" data-e-type=\"widget\" data-widget_type=\"spacer.default\">\n\t\t\t\t<div class=\"elementor-widget-container\">\n\t\t\t\t\t\t\t<div class=\"elementor-spacer\">\n\t\t\t<div class=\"elementor-spacer-inner\"><\/div>\n\t\t<\/div>\n\t\t\t\t\t\t<\/div>\n\t\t\t\t<\/div>\n\t\t\t\t\t<\/div>\n\t\t\t\t<\/div>\n\t\t\t\t<\/div>\n\t\t","protected":false},"excerpt":{"rendered":"<p>Willkommen in der Zukunft der Kommunikation \u2013 erleben Sie es bereits heute! Wir m\u00f6chten Ihnen zeigen, wie die 3CX VoIP-Telefonanlage Ihre t\u00e4gliche Gesch\u00e4ftskommunikation auf eine ganz pers\u00f6nliche Ebene hebt. Nehmen Sie Anrufe au\u00dferhalb des B\u00fcros ganz bequem auf Ihrem Smartphone entgegen oder im Home Office mit derselben Rufnummer wie im B\u00fcro. Erleben Sie die Leichtigkeit [&hellip;]<\/p>\n","protected":false},"author":1,"featured_media":0,"parent":0,"menu_order":0,"comment_status":"closed","ping_status":"closed","template":"elementor_header_footer","meta":{"footnotes":""},"class_list":["post-1364","page","type-page","status-publish","hentry"],"_links":{"self":[{"href":"https:\/\/link-ed.it\/index.php\/wp-json\/wp\/v2\/pages\/1364","targetHints":{"allow":["GET"]}}],"collection":[{"href":"https:\/\/link-ed.it\/index.php\/wp-json\/wp\/v2\/pages"}],"about":[{"href":"https:\/\/link-ed.it\/index.php\/wp-json\/wp\/v2\/types\/page"}],"author":[{"embeddable":true,"href":"https:\/\/link-ed.it\/index.php\/wp-json\/wp\/v2\/users\/1"}],"replies":[{"embeddable":true,"href":"https:\/\/link-ed.it\/index.php\/wp-json\/wp\/v2\/comments?post=1364"}],"version-history":[{"count":3,"href":"https:\/\/link-ed.it\/index.php\/wp-json\/wp\/v2\/pages\/1364\/revisions"}],"predecessor-version":[{"id":2980,"href":"https:\/\/link-ed.it\/index.php\/wp-json\/wp\/v2\/pages\/1364\/revisions\/2980"}],"wp:attachment":[{"href":"https:\/\/link-ed.it\/index.php\/wp-json\/wp\/v2\/media?parent=1364"}],"curies":[{"name":"wp","href":"https:\/\/api.w.org\/{rel}","templated":true}]}}