{"id":115,"date":"2023-04-21T12:08:29","date_gmt":"2023-04-21T12:08:29","guid":{"rendered":"https:\/\/objective-wozniak.217-79-188-77.plesk.page\/?page_id=115"},"modified":"2023-09-27T11:04:29","modified_gmt":"2023-09-27T11:04:29","slug":"leistungen","status":"publish","type":"page","link":"https:\/\/link-ed.it\/index.php\/leistungen\/","title":{"rendered":"Leistungen"},"content":{"rendered":"\t\t<div data-elementor-type=\"wp-page\" data-elementor-id=\"115\" class=\"elementor elementor-115\" data-elementor-settings=\"{&quot;ha_cmc_init_switcher&quot;:&quot;no&quot;}\" data-elementor-post-type=\"page\">\n\t\t\t\t<div class=\"elementor-element elementor-element-2cd1a75 e-flex e-con-boxed e-con e-parent\" data-id=\"2cd1a75\" data-element_type=\"container\" data-e-type=\"container\" data-settings=\"{&quot;_ha_eqh_enable&quot;:false}\">\n\t\t\t\t\t<div class=\"e-con-inner\">\n\t\t<div class=\"elementor-element elementor-element-2c291cf e-con-full e-flex e-con e-child\" data-id=\"2c291cf\" data-element_type=\"container\" data-e-type=\"container\" data-settings=\"{&quot;_ha_eqh_enable&quot;:false}\">\n\t\t\t\t<div class=\"elementor-element elementor-element-575158a elementor-invisible elementor-widget elementor-widget-heading\" data-id=\"575158a\" data-element_type=\"widget\" data-e-type=\"widget\" data-settings=\"{&quot;_animation&quot;:&quot;fadeInRight&quot;}\" data-widget_type=\"heading.default\">\n\t\t\t\t<div class=\"elementor-widget-container\">\n\t\t\t\t\t<h2 class=\"elementor-heading-title elementor-size-default\">Unsere Leistungen<\/h2>\t\t\t\t<\/div>\n\t\t\t\t<\/div>\n\t\t\t\t<div class=\"elementor-element elementor-element-cde6956 elementor-invisible elementor-widget elementor-widget-text-editor\" data-id=\"cde6956\" data-element_type=\"widget\" data-e-type=\"widget\" data-settings=\"{&quot;_animation&quot;:&quot;fadeInLeft&quot;}\" data-widget_type=\"text-editor.default\">\n\t\t\t\t<div class=\"elementor-widget-container\">\n\t\t\t\t\t\t\t\t\t<p>Durch regelm\u00e4\u00dfige Schulungen und Qualifikationen erweitern wir unser Leistungsportfoilo, damit wir Sie in Ihrem Business zielgerichtet unterst\u00fctzen k\u00f6nnen!<\/p>\t\t\t\t\t\t\t\t<\/div>\n\t\t\t\t<\/div>\n\t\t\t\t<div class=\"elementor-element elementor-element-303e775 elementor-widget elementor-widget-spacer\" data-id=\"303e775\" data-element_type=\"widget\" data-e-type=\"widget\" data-widget_type=\"spacer.default\">\n\t\t\t\t<div class=\"elementor-widget-container\">\n\t\t\t\t\t\t\t<div class=\"elementor-spacer\">\n\t\t\t<div class=\"elementor-spacer-inner\"><\/div>\n\t\t<\/div>\n\t\t\t\t\t\t<\/div>\n\t\t\t\t<\/div>\n\t\t\t\t<\/div>\n\t\t\t\t\t<\/div>\n\t\t\t\t<\/div>\n\t\t<div class=\"elementor-element elementor-element-5ed2ff4 e-flex e-con-boxed elementor-invisible e-con e-parent\" data-id=\"5ed2ff4\" data-element_type=\"container\" data-e-type=\"container\" data-settings=\"{&quot;animation&quot;:&quot;slideInLeft&quot;,&quot;_ha_eqh_enable&quot;:false}\">\n\t\t\t\t\t<div class=\"e-con-inner\">\n\t\t<div class=\"elementor-element elementor-element-4ea1a84 e-con-full e-flex e-con e-child\" data-id=\"4ea1a84\" data-element_type=\"container\" data-e-type=\"container\" data-settings=\"{&quot;background_background&quot;:&quot;classic&quot;,&quot;_ha_eqh_enable&quot;:false}\">\n\t\t\t\t<div class=\"elementor-element elementor-element-c51a55a elementor-position-left elementor-vertical-align-top elementor-widget elementor-widget-image-box\" data-id=\"c51a55a\" data-element_type=\"widget\" data-e-type=\"widget\" data-widget_type=\"image-box.default\">\n\t\t\t\t<div class=\"elementor-widget-container\">\n\t\t\t\t\t<div class=\"elementor-image-box-wrapper\"><figure class=\"elementor-image-box-img\"><a href=\"https:\/\/objective-wozniak.217-79-188-77.plesk.page\/index.php\/cloud-computing\/\" tabindex=\"-1\"><img fetchpriority=\"high\" decoding=\"async\" width=\"300\" height=\"234\" src=\"https:\/\/link-ed.it\/wp-content\/uploads\/2023\/05\/Bildschirm\u00adfoto-2023-05-25-um-15.26.10-300x234.png\" class=\"attachment-medium size-medium wp-image-373\" alt=\"\" srcset=\"https:\/\/link-ed.it\/wp-content\/uploads\/2023\/05\/Bildschirm\u00adfoto-2023-05-25-um-15.26.10-300x234.png 300w, https:\/\/link-ed.it\/wp-content\/uploads\/2023\/05\/Bildschirm\u00adfoto-2023-05-25-um-15.26.10-768x598.png 768w, https:\/\/link-ed.it\/wp-content\/uploads\/2023\/05\/Bildschirm\u00adfoto-2023-05-25-um-15.26.10.png 778w\" sizes=\"(max-width: 300px) 100vw, 300px\" \/><\/a><\/figure><div class=\"elementor-image-box-content\"><h3 class=\"elementor-image-box-title\"><a href=\"https:\/\/objective-wozniak.217-79-188-77.plesk.page\/index.php\/cloud-computing\/\">Cloud Computing<\/a><\/h3><p class=\"elementor-image-box-description\">DIE CLOUD F\u00dcR JEDERMANN. OB VIRTUELLE SERVER, DATENSPEICHER, ACTIVE DIRECTORY.\nF\u00dcR JEDEN GIBT ES ETWAS PASSENDES!<\/p><\/div><\/div>\t\t\t\t<\/div>\n\t\t\t\t<\/div>\n\t\t\t\t<\/div>\n\t\t\t\t\t<\/div>\n\t\t\t\t<\/div>\n\t\t<div class=\"elementor-element elementor-element-d23ceeb e-flex e-con-boxed elementor-invisible e-con e-parent\" data-id=\"d23ceeb\" data-element_type=\"container\" data-e-type=\"container\" data-settings=\"{&quot;animation&quot;:&quot;slideInRight&quot;,&quot;_ha_eqh_enable&quot;:false}\">\n\t\t\t\t\t<div class=\"e-con-inner\">\n\t\t<div class=\"elementor-element elementor-element-7bab9ed e-con-full e-flex e-con e-child\" data-id=\"7bab9ed\" data-element_type=\"container\" data-e-type=\"container\" data-settings=\"{&quot;background_background&quot;:&quot;classic&quot;,&quot;_ha_eqh_enable&quot;:false}\">\n\t\t\t\t<div class=\"elementor-element elementor-element-9f5f406 elementor-position-right elementor-vertical-align-top elementor-widget elementor-widget-image-box\" data-id=\"9f5f406\" data-element_type=\"widget\" data-e-type=\"widget\" data-widget_type=\"image-box.default\">\n\t\t\t\t<div class=\"elementor-widget-container\">\n\t\t\t\t\t<div class=\"elementor-image-box-wrapper\"><figure class=\"elementor-image-box-img\"><a href=\"https:\/\/objective-wozniak.217-79-188-77.plesk.page\/index.php\/it-dienstleistung\/\" tabindex=\"-1\"><img decoding=\"async\" width=\"300\" height=\"200\" src=\"https:\/\/link-ed.it\/wp-content\/uploads\/2023\/06\/cropped-cropped-Hotel_PINCODE_mit_Koffer1-300x200.png\" class=\"attachment-medium size-medium wp-image-492\" alt=\"\" srcset=\"https:\/\/link-ed.it\/wp-content\/uploads\/2023\/06\/cropped-cropped-Hotel_PINCODE_mit_Koffer1-300x200.png 300w, https:\/\/link-ed.it\/wp-content\/uploads\/2023\/06\/cropped-cropped-Hotel_PINCODE_mit_Koffer1-1024x682.png 1024w, https:\/\/link-ed.it\/wp-content\/uploads\/2023\/06\/cropped-cropped-Hotel_PINCODE_mit_Koffer1-768x512.png 768w, https:\/\/link-ed.it\/wp-content\/uploads\/2023\/06\/cropped-cropped-Hotel_PINCODE_mit_Koffer1-1536x1024.png 1536w, https:\/\/link-ed.it\/wp-content\/uploads\/2023\/06\/cropped-cropped-Hotel_PINCODE_mit_Koffer1-2048x1365.png 2048w\" sizes=\"(max-width: 300px) 100vw, 300px\" \/><\/a><\/figure><div class=\"elementor-image-box-content\"><h3 class=\"elementor-image-box-title\"><a href=\"https:\/\/objective-wozniak.217-79-188-77.plesk.page\/index.php\/it-dienstleistung\/\">IT Dienstleistung<\/a><\/h3><p class=\"elementor-image-box-description\">Ob Vor-Ort-Service, Helpdesk oder individuelle Wartungsvertr\u00e4ge f\u00fcr Ihre EDV-Infrastrukturen. WIr stehen Ihnen zur Seite!<\/p><\/div><\/div>\t\t\t\t<\/div>\n\t\t\t\t<\/div>\n\t\t\t\t<\/div>\n\t\t\t\t\t<\/div>\n\t\t\t\t<\/div>\n\t\t<div class=\"elementor-element elementor-element-f38d4ca e-flex e-con-boxed elementor-invisible e-con e-parent\" data-id=\"f38d4ca\" data-element_type=\"container\" data-e-type=\"container\" data-settings=\"{&quot;animation&quot;:&quot;slideInLeft&quot;,&quot;background_background&quot;:&quot;classic&quot;,&quot;_ha_eqh_enable&quot;:false}\">\n\t\t\t\t\t<div class=\"e-con-inner\">\n\t\t<div class=\"elementor-element elementor-element-8b39252 e-con-full e-flex e-con e-child\" data-id=\"8b39252\" data-element_type=\"container\" data-e-type=\"container\" data-settings=\"{&quot;background_background&quot;:&quot;classic&quot;,&quot;_ha_eqh_enable&quot;:false}\">\n\t\t\t\t<div class=\"elementor-element elementor-element-4df28c6 elementor-position-left elementor-vertical-align-top elementor-widget elementor-widget-image-box\" data-id=\"4df28c6\" data-element_type=\"widget\" data-e-type=\"widget\" data-widget_type=\"image-box.default\">\n\t\t\t\t<div class=\"elementor-widget-container\">\n\t\t\t\t\t<div class=\"elementor-image-box-wrapper\"><figure class=\"elementor-image-box-img\"><a href=\"https:\/\/objective-wozniak.217-79-188-77.plesk.page\/index.php\/it-beratung\/\" tabindex=\"-1\"><img decoding=\"async\" width=\"300\" height=\"198\" src=\"https:\/\/link-ed.it\/wp-content\/uploads\/2023\/04\/8439-300x198.jpg\" class=\"attachment-medium size-medium wp-image-100\" alt=\"\" srcset=\"https:\/\/link-ed.it\/wp-content\/uploads\/2023\/04\/8439-300x198.jpg 300w, https:\/\/link-ed.it\/wp-content\/uploads\/2023\/04\/8439-1024x676.jpg 1024w, https:\/\/link-ed.it\/wp-content\/uploads\/2023\/04\/8439-768x507.jpg 768w, https:\/\/link-ed.it\/wp-content\/uploads\/2023\/04\/8439-1536x1014.jpg 1536w, https:\/\/link-ed.it\/wp-content\/uploads\/2023\/04\/8439-2048x1351.jpg 2048w\" sizes=\"(max-width: 300px) 100vw, 300px\" \/><\/a><\/figure><div class=\"elementor-image-box-content\"><h3 class=\"elementor-image-box-title\"><a href=\"https:\/\/objective-wozniak.217-79-188-77.plesk.page\/index.php\/it-beratung\/\">IT Beratung<\/a><\/h3><p class=\"elementor-image-box-description\">Unsere erfahrenen Berater stehen f\u00fcr Sie bereit! Vom Konzept bis zur Umsetzung und dem anschlie\u00dfnenden Betrieb<\/p><\/div><\/div>\t\t\t\t<\/div>\n\t\t\t\t<\/div>\n\t\t\t\t<\/div>\n\t\t\t\t\t<\/div>\n\t\t\t\t<\/div>\n\t\t<div class=\"elementor-element elementor-element-085c699 e-flex e-con-boxed elementor-invisible e-con e-parent\" data-id=\"085c699\" data-element_type=\"container\" data-e-type=\"container\" data-settings=\"{&quot;animation&quot;:&quot;slideInRight&quot;,&quot;_ha_eqh_enable&quot;:false}\">\n\t\t\t\t\t<div class=\"e-con-inner\">\n\t\t<div class=\"elementor-element elementor-element-0dfd789 e-con-full e-flex e-con e-child\" data-id=\"0dfd789\" data-element_type=\"container\" data-e-type=\"container\" data-settings=\"{&quot;background_background&quot;:&quot;classic&quot;,&quot;_ha_eqh_enable&quot;:false}\">\n\t\t\t\t<div class=\"elementor-element elementor-element-a561974 elementor-position-right elementor-vertical-align-top elementor-widget elementor-widget-image-box\" data-id=\"a561974\" data-element_type=\"widget\" data-e-type=\"widget\" data-widget_type=\"image-box.default\">\n\t\t\t\t<div class=\"elementor-widget-container\">\n\t\t\t\t\t<div class=\"elementor-image-box-wrapper\"><figure class=\"elementor-image-box-img\"><a href=\"https:\/\/objective-wozniak.217-79-188-77.plesk.page\/index.php\/it-support\/\" tabindex=\"-1\"><img fetchpriority=\"high\" decoding=\"async\" width=\"300\" height=\"234\" src=\"https:\/\/link-ed.it\/wp-content\/uploads\/2023\/05\/Bildschirm\u00adfoto-2023-05-25-um-15.26.10-300x234.png\" class=\"attachment-medium size-medium wp-image-373\" alt=\"\" srcset=\"https:\/\/link-ed.it\/wp-content\/uploads\/2023\/05\/Bildschirm\u00adfoto-2023-05-25-um-15.26.10-300x234.png 300w, https:\/\/link-ed.it\/wp-content\/uploads\/2023\/05\/Bildschirm\u00adfoto-2023-05-25-um-15.26.10-768x598.png 768w, https:\/\/link-ed.it\/wp-content\/uploads\/2023\/05\/Bildschirm\u00adfoto-2023-05-25-um-15.26.10.png 778w\" sizes=\"(max-width: 300px) 100vw, 300px\" \/><\/a><\/figure><div class=\"elementor-image-box-content\"><h3 class=\"elementor-image-box-title\"><a href=\"https:\/\/objective-wozniak.217-79-188-77.plesk.page\/index.php\/it-support\/\">IT Support<\/a><\/h3><p class=\"elementor-image-box-description\">First, Second- und Third Level Support<\/p><\/div><\/div>\t\t\t\t<\/div>\n\t\t\t\t<\/div>\n\t\t\t\t<\/div>\n\t\t\t\t\t<\/div>\n\t\t\t\t<\/div>\n\t\t<div class=\"elementor-element elementor-element-552b1ff e-flex e-con-boxed elementor-invisible e-con e-parent\" data-id=\"552b1ff\" data-element_type=\"container\" data-e-type=\"container\" data-settings=\"{&quot;animation&quot;:&quot;slideInLeft&quot;,&quot;_ha_eqh_enable&quot;:false}\">\n\t\t\t\t\t<div class=\"e-con-inner\">\n\t\t<div class=\"elementor-element elementor-element-7853911 e-con-full e-flex e-con e-child\" data-id=\"7853911\" data-element_type=\"container\" data-e-type=\"container\" data-settings=\"{&quot;background_background&quot;:&quot;classic&quot;,&quot;_ha_eqh_enable&quot;:false}\">\n\t\t\t\t<div class=\"elementor-element elementor-element-d3813df elementor-position-left elementor-vertical-align-top elementor-widget elementor-widget-image-box\" data-id=\"d3813df\" data-element_type=\"widget\" data-e-type=\"widget\" data-widget_type=\"image-box.default\">\n\t\t\t\t<div class=\"elementor-widget-container\">\n\t\t\t\t\t<div class=\"elementor-image-box-wrapper\"><figure class=\"elementor-image-box-img\"><a href=\"https:\/\/objective-wozniak.217-79-188-77.plesk.page\/index.php\/it-infrastruktur\/\" tabindex=\"-1\"><img decoding=\"async\" src=\"https:\/\/link-ed.it\/wp-content\/uploads\/2023\/05\/2_Home_Online_Training-Classes_1-150x150.jpg\" title=\"2_Home_Online_Training-Classes_1.jpg\" alt=\"2_Home_Online_Training-Classes_1.jpg\" loading=\"lazy\" \/><\/a><\/figure><div class=\"elementor-image-box-content\"><h3 class=\"elementor-image-box-title\"><a href=\"https:\/\/objective-wozniak.217-79-188-77.plesk.page\/index.php\/it-infrastruktur\/\">IT Infrastruktur<\/a><\/h3><p class=\"elementor-image-box-description\">Ob Lokal oder in der Cloud! Wir machen es m\u00f6glich!<\/p><\/div><\/div>\t\t\t\t<\/div>\n\t\t\t\t<\/div>\n\t\t\t\t<\/div>\n\t\t\t\t\t<\/div>\n\t\t\t\t<\/div>\n\t\t<div class=\"elementor-element elementor-element-f08496b e-flex e-con-boxed elementor-invisible e-con e-parent\" data-id=\"f08496b\" data-element_type=\"container\" data-e-type=\"container\" data-settings=\"{&quot;animation&quot;:&quot;slideInRight&quot;,&quot;_ha_eqh_enable&quot;:false}\">\n\t\t\t\t\t<div class=\"e-con-inner\">\n\t\t<div class=\"elementor-element elementor-element-9fc41f7 e-con-full e-flex e-con e-child\" data-id=\"9fc41f7\" data-element_type=\"container\" data-e-type=\"container\" data-settings=\"{&quot;background_background&quot;:&quot;classic&quot;,&quot;_ha_eqh_enable&quot;:false}\">\n\t\t\t\t<div class=\"elementor-element elementor-element-a9c6258 elementor-position-right elementor-vertical-align-top elementor-widget elementor-widget-image-box\" data-id=\"a9c6258\" data-element_type=\"widget\" data-e-type=\"widget\" data-widget_type=\"image-box.default\">\n\t\t\t\t<div class=\"elementor-widget-container\">\n\t\t\t\t\t<div class=\"elementor-image-box-wrapper\"><figure class=\"elementor-image-box-img\"><a href=\"https:\/\/objective-wozniak.217-79-188-77.plesk.page\/index.php\/cloud-telefonie\/\" tabindex=\"-1\"><img loading=\"lazy\" decoding=\"async\" width=\"300\" height=\"200\" src=\"https:\/\/link-ed.it\/wp-content\/uploads\/2023\/06\/cropped-setupnew-5-300x200.png\" class=\"attachment-medium size-medium wp-image-483\" alt=\"\" srcset=\"https:\/\/link-ed.it\/wp-content\/uploads\/2023\/06\/cropped-setupnew-5-300x200.png 300w, https:\/\/link-ed.it\/wp-content\/uploads\/2023\/06\/cropped-setupnew-5-1024x684.png 1024w, https:\/\/link-ed.it\/wp-content\/uploads\/2023\/06\/cropped-setupnew-5-768x513.png 768w, https:\/\/link-ed.it\/wp-content\/uploads\/2023\/06\/cropped-setupnew-5.png 1294w\" sizes=\"(max-width: 300px) 100vw, 300px\" \/><\/a><\/figure><div class=\"elementor-image-box-content\"><h3 class=\"elementor-image-box-title\"><a href=\"https:\/\/objective-wozniak.217-79-188-77.plesk.page\/index.php\/cloud-telefonie\/\">Cloud Telefonie<\/a><\/h3><p class=\"elementor-image-box-description\">Mit unseren Cloud Telefonanlagen sind Sie auf der richtigen Seite<\/p><\/div><\/div>\t\t\t\t<\/div>\n\t\t\t\t<\/div>\n\t\t\t\t<\/div>\n\t\t\t\t\t<\/div>\n\t\t\t\t<\/div>\n\t\t<div class=\"elementor-element elementor-element-58102cd e-flex e-con-boxed elementor-invisible e-con e-parent\" data-id=\"58102cd\" data-element_type=\"container\" data-e-type=\"container\" data-settings=\"{&quot;animation&quot;:&quot;slideInLeft&quot;,&quot;_ha_eqh_enable&quot;:false}\">\n\t\t\t\t\t<div class=\"e-con-inner\">\n\t\t<div class=\"elementor-element elementor-element-0b8309f e-con-full e-flex e-con e-child\" data-id=\"0b8309f\" data-element_type=\"container\" data-e-type=\"container\" data-settings=\"{&quot;background_background&quot;:&quot;classic&quot;,&quot;_ha_eqh_enable&quot;:false}\">\n\t\t\t\t<div class=\"elementor-element elementor-element-6d9ca07 elementor-position-left elementor-vertical-align-top elementor-widget elementor-widget-image-box\" data-id=\"6d9ca07\" data-element_type=\"widget\" data-e-type=\"widget\" data-widget_type=\"image-box.default\">\n\t\t\t\t<div class=\"elementor-widget-container\">\n\t\t\t\t\t<div class=\"elementor-image-box-wrapper\"><figure class=\"elementor-image-box-img\"><a href=\"https:\/\/objective-wozniak.217-79-188-77.plesk.page\/index.php\/haus-und-gebaeudeautomation\/\" tabindex=\"-1\"><img loading=\"lazy\" decoding=\"async\" width=\"300\" height=\"244\" src=\"https:\/\/link-ed.it\/wp-content\/uploads\/2023\/06\/Bildschirm\u00adfoto-2023-06-01-um-12.27.11-300x244.png\" class=\"attachment-medium size-medium wp-image-488\" alt=\"\" srcset=\"https:\/\/link-ed.it\/wp-content\/uploads\/2023\/06\/Bildschirm\u00adfoto-2023-06-01-um-12.27.11-300x244.png 300w, https:\/\/link-ed.it\/wp-content\/uploads\/2023\/06\/Bildschirm\u00adfoto-2023-06-01-um-12.27.11-1024x833.png 1024w, https:\/\/link-ed.it\/wp-content\/uploads\/2023\/06\/Bildschirm\u00adfoto-2023-06-01-um-12.27.11-768x625.png 768w, https:\/\/link-ed.it\/wp-content\/uploads\/2023\/06\/Bildschirm\u00adfoto-2023-06-01-um-12.27.11.png 1246w\" sizes=\"(max-width: 300px) 100vw, 300px\" \/><\/a><\/figure><div class=\"elementor-image-box-content\"><h3 class=\"elementor-image-box-title\"><a href=\"https:\/\/objective-wozniak.217-79-188-77.plesk.page\/index.php\/haus-und-gebaeudeautomation\/\">Haus- und Geb\u00e4udeautomation<\/a><\/h3><p class=\"elementor-image-box-description\">WIR SPRECHEN DIE SPRACHE INTELLIGENTER GEB\u00c4UDE!<\/p><\/div><\/div>\t\t\t\t<\/div>\n\t\t\t\t<\/div>\n\t\t\t\t<\/div>\n\t\t\t\t\t<\/div>\n\t\t\t\t<\/div>\n\t\t<div class=\"elementor-element elementor-element-cf8c7d5 e-flex e-con-boxed elementor-invisible e-con e-parent\" data-id=\"cf8c7d5\" data-element_type=\"container\" data-e-type=\"container\" data-settings=\"{&quot;animation&quot;:&quot;slideInRight&quot;,&quot;_ha_eqh_enable&quot;:false}\">\n\t\t\t\t\t<div class=\"e-con-inner\">\n\t\t<div class=\"elementor-element elementor-element-46bbcdc e-con-full e-flex e-con e-child\" data-id=\"46bbcdc\" data-element_type=\"container\" data-e-type=\"container\" data-settings=\"{&quot;background_background&quot;:&quot;classic&quot;,&quot;_ha_eqh_enable&quot;:false}\">\n\t\t\t\t<div class=\"elementor-element elementor-element-507f2fb elementor-position-right elementor-vertical-align-top elementor-widget elementor-widget-image-box\" data-id=\"507f2fb\" data-element_type=\"widget\" data-e-type=\"widget\" data-widget_type=\"image-box.default\">\n\t\t\t\t<div class=\"elementor-widget-container\">\n\t\t\t\t\t<div class=\"elementor-image-box-wrapper\"><figure class=\"elementor-image-box-img\"><a href=\"https:\/\/objective-wozniak.217-79-188-77.plesk.page\/index.php\/schliessanlagen-und-zutrittssysteme\/\" tabindex=\"-1\"><img loading=\"lazy\" decoding=\"async\" width=\"300\" height=\"200\" src=\"https:\/\/link-ed.it\/wp-content\/uploads\/2023\/05\/cropped-1204791-2-300x200.jpeg\" class=\"attachment-medium size-medium wp-image-441\" alt=\"\" srcset=\"https:\/\/link-ed.it\/wp-content\/uploads\/2023\/05\/cropped-1204791-2-300x200.jpeg 300w, https:\/\/link-ed.it\/wp-content\/uploads\/2023\/05\/cropped-1204791-2-1024x683.jpeg 1024w, https:\/\/link-ed.it\/wp-content\/uploads\/2023\/05\/cropped-1204791-2-768x512.jpeg 768w, https:\/\/link-ed.it\/wp-content\/uploads\/2023\/05\/cropped-1204791-2-1536x1024.jpeg 1536w, https:\/\/link-ed.it\/wp-content\/uploads\/2023\/05\/cropped-1204791-2.jpeg 1920w\" sizes=\"(max-width: 300px) 100vw, 300px\" \/><\/a><\/figure><div class=\"elementor-image-box-content\"><h3 class=\"elementor-image-box-title\"><a href=\"https:\/\/objective-wozniak.217-79-188-77.plesk.page\/index.php\/schliessanlagen-und-zutrittssysteme\/\">Schlie\u00dfanlagen und Zutrittssysteme<\/a><\/h3><p class=\"elementor-image-box-description\">Privatwohnung, Firma oder im Hotel<\/p><\/div><\/div>\t\t\t\t<\/div>\n\t\t\t\t<\/div>\n\t\t\t\t<\/div>\n\t\t\t\t\t<\/div>\n\t\t\t\t<\/div>\n\t\t<div class=\"elementor-element elementor-element-e10b55e e-flex e-con-boxed elementor-invisible e-con e-parent\" data-id=\"e10b55e\" data-element_type=\"container\" data-e-type=\"container\" data-settings=\"{&quot;animation&quot;:&quot;slideInLeft&quot;,&quot;_ha_eqh_enable&quot;:false}\">\n\t\t\t\t\t<div class=\"e-con-inner\">\n\t\t<div class=\"elementor-element elementor-element-cbce58f e-con-full e-flex e-con e-child\" data-id=\"cbce58f\" data-element_type=\"container\" data-e-type=\"container\" data-settings=\"{&quot;background_background&quot;:&quot;classic&quot;,&quot;_ha_eqh_enable&quot;:false}\">\n\t\t\t\t<div class=\"elementor-element elementor-element-b652c73 elementor-position-left elementor-vertical-align-top elementor-widget elementor-widget-image-box\" data-id=\"b652c73\" data-element_type=\"widget\" data-e-type=\"widget\" data-widget_type=\"image-box.default\">\n\t\t\t\t<div class=\"elementor-widget-container\">\n\t\t\t\t\t<div class=\"elementor-image-box-wrapper\"><figure class=\"elementor-image-box-img\"><a href=\"https:\/\/objective-wozniak.217-79-188-77.plesk.page\/index.php\/bewirb-dich-jetzt\/\" tabindex=\"-1\"><img loading=\"lazy\" decoding=\"async\" width=\"300\" height=\"199\" src=\"https:\/\/link-ed.it\/wp-content\/uploads\/2023\/04\/8208-300x199.jpg\" class=\"attachment-medium size-medium wp-image-94\" alt=\"\" srcset=\"https:\/\/link-ed.it\/wp-content\/uploads\/2023\/04\/8208-300x199.jpg 300w, https:\/\/link-ed.it\/wp-content\/uploads\/2023\/04\/8208-1024x681.jpg 1024w, https:\/\/link-ed.it\/wp-content\/uploads\/2023\/04\/8208-768x511.jpg 768w, https:\/\/link-ed.it\/wp-content\/uploads\/2023\/04\/8208-1536x1021.jpg 1536w, https:\/\/link-ed.it\/wp-content\/uploads\/2023\/04\/8208-2048x1362.jpg 2048w\" sizes=\"(max-width: 300px) 100vw, 300px\" \/><\/a><\/figure><div class=\"elementor-image-box-content\"><h3 class=\"elementor-image-box-title\"><a href=\"https:\/\/objective-wozniak.217-79-188-77.plesk.page\/index.php\/bewirb-dich-jetzt\/\">Vielleicht DU!<\/a><\/h3><p class=\"elementor-image-box-description\">Bewirb dich jetzt!<\/p><\/div><\/div>\t\t\t\t<\/div>\n\t\t\t\t<\/div>\n\t\t\t\t<\/div>\n\t\t\t\t\t<\/div>\n\t\t\t\t<\/div>\n\t\t\t\t<\/div>\n\t\t","protected":false},"excerpt":{"rendered":"<p>Unsere Leistungen Durch regelm\u00e4\u00dfige Schulungen und Qualifikationen erweitern wir unser Leistungsportfoilo, damit wir Sie in Ihrem Business zielgerichtet unterst\u00fctzen k\u00f6nnen! Cloud Computing DIE CLOUD F\u00dcR JEDERMANN. OB VIRTUELLE SERVER, DATENSPEICHER, ACTIVE DIRECTORY. F\u00dcR JEDEN GIBT ES ETWAS PASSENDES! IT Dienstleistung Ob Vor-Ort-Service, Helpdesk oder individuelle Wartungsvertr\u00e4ge f\u00fcr Ihre EDV-Infrastrukturen. WIr stehen Ihnen zur Seite! IT [&hellip;]<\/p>\n","protected":false},"author":1,"featured_media":0,"parent":0,"menu_order":0,"comment_status":"closed","ping_status":"closed","template":"elementor_header_footer","meta":{"footnotes":""},"class_list":["post-115","page","type-page","status-publish","hentry"],"_links":{"self":[{"href":"https:\/\/link-ed.it\/index.php\/wp-json\/wp\/v2\/pages\/115","targetHints":{"allow":["GET"]}}],"collection":[{"href":"https:\/\/link-ed.it\/index.php\/wp-json\/wp\/v2\/pages"}],"about":[{"href":"https:\/\/link-ed.it\/index.php\/wp-json\/wp\/v2\/types\/page"}],"author":[{"embeddable":true,"href":"https:\/\/link-ed.it\/index.php\/wp-json\/wp\/v2\/users\/1"}],"replies":[{"embeddable":true,"href":"https:\/\/link-ed.it\/index.php\/wp-json\/wp\/v2\/comments?post=115"}],"version-history":[{"count":0,"href":"https:\/\/link-ed.it\/index.php\/wp-json\/wp\/v2\/pages\/115\/revisions"}],"wp:attachment":[{"href":"https:\/\/link-ed.it\/index.php\/wp-json\/wp\/v2\/media?parent=115"}],"curies":[{"name":"wp","href":"https:\/\/api.w.org\/{rel}","templated":true}]}}