{"id":113,"date":"2023-04-21T12:08:19","date_gmt":"2023-04-21T12:08:19","guid":{"rendered":"https:\/\/objective-wozniak.217-79-188-77.plesk.page\/?page_id=113"},"modified":"2025-07-18T11:00:44","modified_gmt":"2025-07-18T11:00:44","slug":"das-sind-wir","status":"publish","type":"page","link":"https:\/\/link-ed.it\/index.php\/das-sind-wir\/","title":{"rendered":"Das sind wir"},"content":{"rendered":"\t\t<div data-elementor-type=\"wp-page\" data-elementor-id=\"113\" class=\"elementor elementor-113\" data-elementor-settings=\"{&quot;ha_cmc_init_switcher&quot;:&quot;no&quot;}\" data-elementor-post-type=\"page\">\n\t\t\t\t<div class=\"elementor-element elementor-element-79e365f e-flex e-con-boxed e-con e-parent\" data-id=\"79e365f\" data-element_type=\"container\" data-e-type=\"container\" data-settings=\"{&quot;background_background&quot;:&quot;classic&quot;,&quot;_ha_eqh_enable&quot;:false}\">\n\t\t\t\t\t<div class=\"e-con-inner\">\n\t\t<div class=\"elementor-element elementor-element-3775429 e-con-full e-flex e-con e-child\" data-id=\"3775429\" data-element_type=\"container\" data-e-type=\"container\" data-settings=\"{&quot;_ha_eqh_enable&quot;:false}\">\n\t\t\t\t<div class=\"elementor-element elementor-element-00a34be elementor-widget elementor-widget-spacer\" data-id=\"00a34be\" data-element_type=\"widget\" data-e-type=\"widget\" data-widget_type=\"spacer.default\">\n\t\t\t\t<div class=\"elementor-widget-container\">\n\t\t\t\t\t\t\t<div class=\"elementor-spacer\">\n\t\t\t<div class=\"elementor-spacer-inner\"><\/div>\n\t\t<\/div>\n\t\t\t\t\t\t<\/div>\n\t\t\t\t<\/div>\n\t\t\t\t<div class=\"elementor-element elementor-element-848acaf elementor-widget elementor-widget-heading\" data-id=\"848acaf\" data-element_type=\"widget\" data-e-type=\"widget\" data-widget_type=\"heading.default\">\n\t\t\t\t<div class=\"elementor-widget-container\">\n\t\t\t\t\t<h2 class=\"elementor-heading-title elementor-size-default\">Hier Erfahren sie mehr \u00fcber uns!<\/h2>\t\t\t\t<\/div>\n\t\t\t\t<\/div>\n\t\t\t\t<div class=\"elementor-element elementor-element-9c7525f elementor-widget__width-initial elementor-widget elementor-widget-heading\" data-id=\"9c7525f\" data-element_type=\"widget\" data-e-type=\"widget\" data-widget_type=\"heading.default\">\n\t\t\t\t<div class=\"elementor-widget-container\">\n\t\t\t\t\t<h2 class=\"elementor-heading-title elementor-size-default\">Sch\u00f6n, dass Sie da sind!<\/h2>\t\t\t\t<\/div>\n\t\t\t\t<\/div>\n\t\t\t\t<div class=\"elementor-element elementor-element-0080999 elementor-widget__width-initial elementor-widget elementor-widget-text-editor\" data-id=\"0080999\" data-element_type=\"widget\" data-e-type=\"widget\" data-widget_type=\"text-editor.default\">\n\t\t\t\t<div class=\"elementor-widget-container\">\n\t\t\t\t\t\t\t\t\t<p style=\"text-align: center;\">Wir freuen uns, dass Sie her gefunden haben und uns die M\u00f6glichkeit geben in ein paar kurzen S\u00e4tzen zu erkl\u00e4ren, welche Idee hinter <strong>link-ed.it<\/strong> steckt und welches Ziel wir mit \u00dcberzeugung angehen.<\/p>\t\t\t\t\t\t\t\t<\/div>\n\t\t\t\t<\/div>\n\t\t\t\t<\/div>\n\t\t\t\t\t<\/div>\n\t\t\t\t<\/div>\n\t\t<div class=\"elementor-element elementor-element-42a7a90 e-flex e-con-boxed e-con e-parent\" data-id=\"42a7a90\" data-element_type=\"container\" data-e-type=\"container\" data-settings=\"{&quot;_ha_eqh_enable&quot;:false}\">\n\t\t\t\t\t<div class=\"e-con-inner\">\n\t\t<div class=\"elementor-element elementor-element-8db45de e-con-full e-flex e-con e-child\" data-id=\"8db45de\" data-element_type=\"container\" data-e-type=\"container\" data-settings=\"{&quot;_ha_eqh_enable&quot;:false}\">\n\t\t\t\t<div class=\"elementor-element elementor-element-ff63286 elementor-widget elementor-widget-spacer\" data-id=\"ff63286\" data-element_type=\"widget\" data-e-type=\"widget\" data-widget_type=\"spacer.default\">\n\t\t\t\t<div class=\"elementor-widget-container\">\n\t\t\t\t\t\t\t<div class=\"elementor-spacer\">\n\t\t\t<div class=\"elementor-spacer-inner\"><\/div>\n\t\t<\/div>\n\t\t\t\t\t\t<\/div>\n\t\t\t\t<\/div>\n\t\t\t\t<div class=\"elementor-element elementor-element-2aaaeab elementor-widget elementor-widget-heading\" data-id=\"2aaaeab\" data-element_type=\"widget\" data-e-type=\"widget\" data-widget_type=\"heading.default\">\n\t\t\t\t<div class=\"elementor-widget-container\">\n\t\t\t\t\t<h2 class=\"elementor-heading-title elementor-size-default\">Unsere Anf\u00e4nge<\/h2>\t\t\t\t<\/div>\n\t\t\t\t<\/div>\n\t\t\t\t<div class=\"elementor-element elementor-element-0aa627b elementor-widget__width-initial elementor-widget elementor-widget-heading\" data-id=\"0aa627b\" data-element_type=\"widget\" data-e-type=\"widget\" data-widget_type=\"heading.default\">\n\t\t\t\t<div class=\"elementor-widget-container\">\n\t\t\t\t\t<h2 class=\"elementor-heading-title elementor-size-default\">Wer sind wir eigentlich?<\/h2>\t\t\t\t<\/div>\n\t\t\t\t<\/div>\n\t\t\t\t<div class=\"elementor-element elementor-element-708a72a elementor-widget elementor-widget-text-editor\" data-id=\"708a72a\" data-element_type=\"widget\" data-e-type=\"widget\" data-widget_type=\"text-editor.default\">\n\t\t\t\t<div class=\"elementor-widget-container\">\n\t\t\t\t\t\t\t\t\t<p>Mein Name ist Stefan W\u00e4hler.<br>Verwurzelt im Ennepe-Ruhr Kreis bin ich mittlerweile seit \u00fcber 20 Jahren in der IT t\u00e4tig und durfte die ein oder andere Stelle im Bereich der IT besetzen.&nbsp;<br><br>Im Laufe der Zeit als Angestellter merkte ich, dass es nicht meinen Vorstellungen entsprach als Mitarbieter in einem Systemhaus, die Kunden einfach nur plump abzuarbeiten. <br>Das Thema Vertrauen und Zuverl\u00e4ssigkeit blieb komplett auf der Strecke und mir fehlte der Einfluss die Dinge anders zu gestalten.<br><br>Also packte mich 2016 der Ehrgeiz und ich entschied mich zur Selbstst\u00e4ndigkeit und meinem Unternehmen <b>link-ed.it<\/b><\/p>\n<p>Es war kein einfacher Schritt f\u00fcr mich aus einem gesicherten Arbeitsverh\u00e4ltnis in die Selbstst\u00e4ndigkeit. Meine \u00dcberzeugungen von einem guten Miteinander und einem gemeinsamen Weg in die Zukunft, lie\u00dfen mich den Weg aber stets weiter gehen.<\/p>\t\t\t\t\t\t\t\t<\/div>\n\t\t\t\t<\/div>\n\t\t\t\t<\/div>\n\t\t<div class=\"elementor-element elementor-element-b9295b4 e-con-full e-flex e-con e-child\" data-id=\"b9295b4\" data-element_type=\"container\" data-e-type=\"container\" data-settings=\"{&quot;_ha_eqh_enable&quot;:false}\">\n\t\t\t\t<div class=\"elementor-element elementor-element-ac74399 elementor-widget elementor-widget-spacer\" data-id=\"ac74399\" data-element_type=\"widget\" data-e-type=\"widget\" data-widget_type=\"spacer.default\">\n\t\t\t\t<div class=\"elementor-widget-container\">\n\t\t\t\t\t\t\t<div class=\"elementor-spacer\">\n\t\t\t<div class=\"elementor-spacer-inner\"><\/div>\n\t\t<\/div>\n\t\t\t\t\t\t<\/div>\n\t\t\t\t<\/div>\n\t\t\t\t<div class=\"elementor-element elementor-element-9561cad elementor-widget elementor-widget-image\" data-id=\"9561cad\" data-element_type=\"widget\" data-e-type=\"widget\" data-widget_type=\"image.default\">\n\t\t\t\t<div class=\"elementor-widget-container\">\n\t\t\t\t\t\t\t\t\t\t\t\t\t\t\t<img fetchpriority=\"high\" decoding=\"async\" width=\"1024\" height=\"684\" src=\"https:\/\/link-ed.it\/wp-content\/uploads\/2023\/12\/8459-1024x684.jpg\" class=\"attachment-large size-large wp-image-2545\" alt=\"\" srcset=\"https:\/\/link-ed.it\/wp-content\/uploads\/2023\/12\/8459-1024x684.jpg 1024w, https:\/\/link-ed.it\/wp-content\/uploads\/2023\/12\/8459-300x200.jpg 300w, https:\/\/link-ed.it\/wp-content\/uploads\/2023\/12\/8459-768x513.jpg 768w, https:\/\/link-ed.it\/wp-content\/uploads\/2023\/12\/8459-1536x1026.jpg 1536w, https:\/\/link-ed.it\/wp-content\/uploads\/2023\/12\/8459-2048x1368.jpg 2048w\" sizes=\"(max-width: 1024px) 100vw, 1024px\" \/>\t\t\t\t\t\t\t\t\t\t\t\t\t\t\t<\/div>\n\t\t\t\t<\/div>\n\t\t\t\t<\/div>\n\t\t\t\t\t<\/div>\n\t\t\t\t<\/div>\n\t\t<div class=\"elementor-element elementor-element-6527dd5 e-flex e-con-boxed e-con e-parent\" data-id=\"6527dd5\" data-element_type=\"container\" data-e-type=\"container\" data-settings=\"{&quot;_ha_eqh_enable&quot;:false}\">\n\t\t\t\t\t<div class=\"e-con-inner\">\n\t\t<div class=\"elementor-element elementor-element-0e88c94 e-con-full e-flex e-con e-child\" data-id=\"0e88c94\" data-element_type=\"container\" data-e-type=\"container\" data-settings=\"{&quot;_ha_eqh_enable&quot;:false}\">\n\t\t\t\t<div class=\"elementor-element elementor-element-36e77ab elementor-widget elementor-widget-spacer\" data-id=\"36e77ab\" data-element_type=\"widget\" data-e-type=\"widget\" data-widget_type=\"spacer.default\">\n\t\t\t\t<div class=\"elementor-widget-container\">\n\t\t\t\t\t\t\t<div class=\"elementor-spacer\">\n\t\t\t<div class=\"elementor-spacer-inner\"><\/div>\n\t\t<\/div>\n\t\t\t\t\t\t<\/div>\n\t\t\t\t<\/div>\n\t\t\t\t<div class=\"elementor-element elementor-element-8d823f6 elementor-widget elementor-widget-heading\" data-id=\"8d823f6\" data-element_type=\"widget\" data-e-type=\"widget\" data-widget_type=\"heading.default\">\n\t\t\t\t<div class=\"elementor-widget-container\">\n\t\t\t\t\t<h2 class=\"elementor-heading-title elementor-size-default\">Gemeinsame Zukunft<\/h2>\t\t\t\t<\/div>\n\t\t\t\t<\/div>\n\t\t\t\t<div class=\"elementor-element elementor-element-9699845 elementor-widget__width-initial elementor-widget elementor-widget-heading\" data-id=\"9699845\" data-element_type=\"widget\" data-e-type=\"widget\" data-widget_type=\"heading.default\">\n\t\t\t\t<div class=\"elementor-widget-container\">\n\t\t\t\t\t<h2 class=\"elementor-heading-title elementor-size-default\">Was wollte ich anders machen?<\/h2>\t\t\t\t<\/div>\n\t\t\t\t<\/div>\n\t\t\t\t<div class=\"elementor-element elementor-element-3a3ac5d elementor-widget elementor-widget-text-editor\" data-id=\"3a3ac5d\" data-element_type=\"widget\" data-e-type=\"widget\" data-widget_type=\"text-editor.default\">\n\t\t\t\t<div class=\"elementor-widget-container\">\n\t\t\t\t\t\t\t\t\t<p>Allen war bekannt, dass die Entwicklung der neuen Technologien sehr schnell voran schreitet und vielen Unternehmen sowie Kunden ohne technisches Knowhow eine nicht allzu sch\u00f6ne Zukunft bescheert.<\/p><p>Die Frage die ich mir stellte war: &#8222;Was mache ich als Unternehmer wenn ich vor diesem Problem stehe?<\/p><p>Hier wollte ich ankn\u00fcpfen!<\/p><p>Zum jetzigen Zeitpunkt ist die Antwort darauf einfach!<\/p><p>Ich suche mir einen IT-Dienstleister dem ich vertrauen kann und der mich auf meinem Weg in die Zukunft unterst\u00fctzt.<\/p><p><b>link-ed.it <\/b>steht nicht nur f\u00fcr eine vernetzte IT. <br \/>Es steht ebenfalls f\u00fcr eine Verbindung zwischen Kunden und Dienstleister die auf Vertrauen sowie Kommunikation auf Augenh\u00f6he basieren.<\/p><p>Mit diesem gro\u00dfen Ziel vor Augen ging ich den Weg. <br \/>Aus dem &#8222;Ich&#8220; ist mittlerweile ein &#8222;Wir&#8220; geworden und mit unseren mittlerweile 8 Mitarbeitern, arbeiten wir vollumf\u00e4nglich mit unseren Kunden f\u00fcr einen erfolgreichen Weg in die Zukunft.<br \/><br \/>Nehmen Sie Kontakt zu uns auf und lernen sie uns unverbindlich kennen!<\/p>\t\t\t\t\t\t\t\t<\/div>\n\t\t\t\t<\/div>\n\t\t\t\t<\/div>\n\t\t<div class=\"elementor-element elementor-element-7bb9d58 e-con-full e-flex e-con e-child\" data-id=\"7bb9d58\" data-element_type=\"container\" data-e-type=\"container\" data-settings=\"{&quot;_ha_eqh_enable&quot;:false}\">\n\t\t<div class=\"elementor-element elementor-element-3b3617f e-con-full e-flex e-con e-child\" data-id=\"3b3617f\" data-element_type=\"container\" data-e-type=\"container\" data-settings=\"{&quot;_ha_eqh_enable&quot;:false}\">\n\t\t\t\t<div class=\"elementor-element elementor-element-46a8d80 elementor-widget elementor-widget-image\" data-id=\"46a8d80\" data-element_type=\"widget\" data-e-type=\"widget\" data-widget_type=\"image.default\">\n\t\t\t\t<div class=\"elementor-widget-container\">\n\t\t\t\t\t\t\t\t\t\t\t\t<figure class=\"wp-caption\">\n\t\t\t\t\t\t\t\t\t\t<img decoding=\"async\" width=\"1024\" height=\"768\" src=\"https:\/\/link-ed.it\/wp-content\/uploads\/2023\/04\/8100-scaled-e1705569290684.jpg\" class=\"attachment-large size-large wp-image-82\" alt=\"\" \/>\t\t\t\t\t\t\t\t\t\t\t<figcaption class=\"widget-image-caption wp-caption-text\">Stefan<\/figcaption>\n\t\t\t\t\t\t\t\t\t\t<\/figure>\n\t\t\t\t\t\t\t\t\t<\/div>\n\t\t\t\t<\/div>\n\t\t\t\t<div class=\"elementor-element elementor-element-119a94d elementor-widget elementor-widget-image\" data-id=\"119a94d\" data-element_type=\"widget\" data-e-type=\"widget\" data-widget_type=\"image.default\">\n\t\t\t\t<div class=\"elementor-widget-container\">\n\t\t\t\t\t\t\t\t\t\t\t\t<figure class=\"wp-caption\">\n\t\t\t\t\t\t\t\t\t\t<img decoding=\"async\" width=\"1024\" height=\"768\" src=\"https:\/\/link-ed.it\/wp-content\/uploads\/2023\/04\/8029-1024x768.jpg\" class=\"attachment-large size-large wp-image-78\" alt=\"\" srcset=\"https:\/\/link-ed.it\/wp-content\/uploads\/2023\/04\/8029-1024x768.jpg 1024w, https:\/\/link-ed.it\/wp-content\/uploads\/2023\/04\/8029-300x225.jpg 300w, https:\/\/link-ed.it\/wp-content\/uploads\/2023\/04\/8029-768x576.jpg 768w, https:\/\/link-ed.it\/wp-content\/uploads\/2023\/04\/8029-1536x1152.jpg 1536w, https:\/\/link-ed.it\/wp-content\/uploads\/2023\/04\/8029-2048x1536.jpg 2048w\" sizes=\"(max-width: 1024px) 100vw, 1024px\" \/>\t\t\t\t\t\t\t\t\t\t\t<figcaption class=\"widget-image-caption wp-caption-text\">Florian<\/figcaption>\n\t\t\t\t\t\t\t\t\t\t<\/figure>\n\t\t\t\t\t\t\t\t\t<\/div>\n\t\t\t\t<\/div>\n\t\t\t\t<div class=\"elementor-element elementor-element-7e02385 elementor-widget elementor-widget-image\" data-id=\"7e02385\" data-element_type=\"widget\" data-e-type=\"widget\" data-widget_type=\"image.default\">\n\t\t\t\t<div class=\"elementor-widget-container\">\n\t\t\t\t\t\t\t\t\t\t\t\t<figure class=\"wp-caption\">\n\t\t\t\t\t\t\t\t\t\t<img loading=\"lazy\" decoding=\"async\" width=\"1024\" height=\"768\" src=\"https:\/\/link-ed.it\/wp-content\/uploads\/2023\/04\/8075-1024x768.jpg\" class=\"attachment-large size-large wp-image-80\" alt=\"\" srcset=\"https:\/\/link-ed.it\/wp-content\/uploads\/2023\/04\/8075-1024x768.jpg 1024w, https:\/\/link-ed.it\/wp-content\/uploads\/2023\/04\/8075-300x225.jpg 300w, https:\/\/link-ed.it\/wp-content\/uploads\/2023\/04\/8075-768x576.jpg 768w, https:\/\/link-ed.it\/wp-content\/uploads\/2023\/04\/8075-1536x1152.jpg 1536w, https:\/\/link-ed.it\/wp-content\/uploads\/2023\/04\/8075-2048x1536.jpg 2048w\" sizes=\"(max-width: 1024px) 100vw, 1024px\" \/>\t\t\t\t\t\t\t\t\t\t\t<figcaption class=\"widget-image-caption wp-caption-text\">Lukas<\/figcaption>\n\t\t\t\t\t\t\t\t\t\t<\/figure>\n\t\t\t\t\t\t\t\t\t<\/div>\n\t\t\t\t<\/div>\n\t\t\t\t<div class=\"elementor-element elementor-element-0143b0d elementor-widget elementor-widget-image\" data-id=\"0143b0d\" data-element_type=\"widget\" data-e-type=\"widget\" data-widget_type=\"image.default\">\n\t\t\t\t<div class=\"elementor-widget-container\">\n\t\t\t\t\t\t\t\t\t\t\t\t<figure class=\"wp-caption\">\n\t\t\t\t\t\t\t\t\t\t<img loading=\"lazy\" decoding=\"async\" width=\"1024\" height=\"768\" src=\"https:\/\/link-ed.it\/wp-content\/uploads\/2023\/04\/7979-1024x768.jpg\" class=\"attachment-large size-large wp-image-75\" alt=\"\" srcset=\"https:\/\/link-ed.it\/wp-content\/uploads\/2023\/04\/7979-1024x768.jpg 1024w, https:\/\/link-ed.it\/wp-content\/uploads\/2023\/04\/7979-300x225.jpg 300w, https:\/\/link-ed.it\/wp-content\/uploads\/2023\/04\/7979-768x576.jpg 768w, https:\/\/link-ed.it\/wp-content\/uploads\/2023\/04\/7979-1536x1152.jpg 1536w, https:\/\/link-ed.it\/wp-content\/uploads\/2023\/04\/7979-2048x1536.jpg 2048w\" sizes=\"(max-width: 1024px) 100vw, 1024px\" \/>\t\t\t\t\t\t\t\t\t\t\t<figcaption class=\"widget-image-caption wp-caption-text\">Sonja<\/figcaption>\n\t\t\t\t\t\t\t\t\t\t<\/figure>\n\t\t\t\t\t\t\t\t\t<\/div>\n\t\t\t\t<\/div>\n\t\t\t\t<\/div>\n\t\t<div class=\"elementor-element elementor-element-41367e7 e-con-full e-flex e-con e-child\" data-id=\"41367e7\" data-element_type=\"container\" data-e-type=\"container\" data-settings=\"{&quot;_ha_eqh_enable&quot;:false}\">\n\t\t\t\t<div class=\"elementor-element elementor-element-f5f9e16 elementor-widget elementor-widget-image\" data-id=\"f5f9e16\" data-element_type=\"widget\" data-e-type=\"widget\" data-widget_type=\"image.default\">\n\t\t\t\t<div class=\"elementor-widget-container\">\n\t\t\t\t\t\t\t\t\t\t\t\t<figure class=\"wp-caption\">\n\t\t\t\t\t\t\t\t\t\t<img loading=\"lazy\" decoding=\"async\" width=\"1024\" height=\"768\" src=\"https:\/\/link-ed.it\/wp-content\/uploads\/2023\/04\/7996-1024x768.jpg\" class=\"attachment-large size-large wp-image-76\" alt=\"\" srcset=\"https:\/\/link-ed.it\/wp-content\/uploads\/2023\/04\/7996-1024x768.jpg 1024w, https:\/\/link-ed.it\/wp-content\/uploads\/2023\/04\/7996-300x225.jpg 300w, https:\/\/link-ed.it\/wp-content\/uploads\/2023\/04\/7996-768x576.jpg 768w, https:\/\/link-ed.it\/wp-content\/uploads\/2023\/04\/7996-1536x1152.jpg 1536w, https:\/\/link-ed.it\/wp-content\/uploads\/2023\/04\/7996-2048x1536.jpg 2048w\" sizes=\"(max-width: 1024px) 100vw, 1024px\" \/>\t\t\t\t\t\t\t\t\t\t\t<figcaption class=\"widget-image-caption wp-caption-text\">Saskia<\/figcaption>\n\t\t\t\t\t\t\t\t\t\t<\/figure>\n\t\t\t\t\t\t\t\t\t<\/div>\n\t\t\t\t<\/div>\n\t\t\t\t<div class=\"elementor-element elementor-element-f0052c8 elementor-widget elementor-widget-image\" data-id=\"f0052c8\" data-element_type=\"widget\" data-e-type=\"widget\" data-widget_type=\"image.default\">\n\t\t\t\t<div class=\"elementor-widget-container\">\n\t\t\t\t\t\t\t\t\t\t\t\t<figure class=\"wp-caption\">\n\t\t\t\t\t\t\t\t\t\t<img loading=\"lazy\" decoding=\"async\" width=\"1024\" height=\"768\" src=\"https:\/\/link-ed.it\/wp-content\/uploads\/2025\/06\/Eduard-Mertke-1024x768.jpg\" class=\"attachment-large size-large wp-image-3121\" alt=\"\" srcset=\"https:\/\/link-ed.it\/wp-content\/uploads\/2025\/06\/Eduard-Mertke-1024x768.jpg 1024w, https:\/\/link-ed.it\/wp-content\/uploads\/2025\/06\/Eduard-Mertke-300x225.jpg 300w, https:\/\/link-ed.it\/wp-content\/uploads\/2025\/06\/Eduard-Mertke-768x576.jpg 768w, https:\/\/link-ed.it\/wp-content\/uploads\/2025\/06\/Eduard-Mertke.jpg 1280w\" sizes=\"(max-width: 1024px) 100vw, 1024px\" \/>\t\t\t\t\t\t\t\t\t\t\t<figcaption class=\"widget-image-caption wp-caption-text\">Eduard<\/figcaption>\n\t\t\t\t\t\t\t\t\t\t<\/figure>\n\t\t\t\t\t\t\t\t\t<\/div>\n\t\t\t\t<\/div>\n\t\t\t\t<div class=\"elementor-element elementor-element-527004a elementor-widget elementor-widget-image\" data-id=\"527004a\" data-element_type=\"widget\" data-e-type=\"widget\" data-widget_type=\"image.default\">\n\t\t\t\t<div class=\"elementor-widget-container\">\n\t\t\t\t\t\t\t\t\t\t\t\t<figure class=\"wp-caption\">\n\t\t\t\t\t\t\t\t\t\t<img loading=\"lazy\" decoding=\"async\" width=\"1024\" height=\"768\" src=\"https:\/\/link-ed.it\/wp-content\/uploads\/2023\/11\/Joe-1024x768.jpg\" class=\"attachment-large size-large wp-image-2253\" alt=\"\" srcset=\"https:\/\/link-ed.it\/wp-content\/uploads\/2023\/11\/Joe-1024x768.jpg 1024w, https:\/\/link-ed.it\/wp-content\/uploads\/2023\/11\/Joe-300x225.jpg 300w, https:\/\/link-ed.it\/wp-content\/uploads\/2023\/11\/Joe-768x576.jpg 768w, https:\/\/link-ed.it\/wp-content\/uploads\/2023\/11\/Joe.jpg 1280w\" sizes=\"(max-width: 1024px) 100vw, 1024px\" \/>\t\t\t\t\t\t\t\t\t\t\t<figcaption class=\"widget-image-caption wp-caption-text\">Joe<\/figcaption>\n\t\t\t\t\t\t\t\t\t\t<\/figure>\n\t\t\t\t\t\t\t\t\t<\/div>\n\t\t\t\t<\/div>\n\t\t\t\t<div class=\"elementor-element elementor-element-5ccc99f elementor-widget elementor-widget-image\" data-id=\"5ccc99f\" data-element_type=\"widget\" data-e-type=\"widget\" data-widget_type=\"image.default\">\n\t\t\t\t<div class=\"elementor-widget-container\">\n\t\t\t\t\t\t\t\t\t\t\t\t<figure class=\"wp-caption\">\n\t\t\t\t\t\t\t\t\t\t<img loading=\"lazy\" decoding=\"async\" width=\"1024\" height=\"768\" src=\"https:\/\/link-ed.it\/wp-content\/uploads\/2024\/01\/Dennis-1-1024x768.jpg\" class=\"attachment-large size-large wp-image-2569\" alt=\"\" srcset=\"https:\/\/link-ed.it\/wp-content\/uploads\/2024\/01\/Dennis-1-1024x768.jpg 1024w, https:\/\/link-ed.it\/wp-content\/uploads\/2024\/01\/Dennis-1-300x225.jpg 300w, https:\/\/link-ed.it\/wp-content\/uploads\/2024\/01\/Dennis-1-768x576.jpg 768w, https:\/\/link-ed.it\/wp-content\/uploads\/2024\/01\/Dennis-1.jpg 1280w\" sizes=\"(max-width: 1024px) 100vw, 1024px\" \/>\t\t\t\t\t\t\t\t\t\t\t<figcaption class=\"widget-image-caption wp-caption-text\">Dennis<\/figcaption>\n\t\t\t\t\t\t\t\t\t\t<\/figure>\n\t\t\t\t\t\t\t\t\t<\/div>\n\t\t\t\t<\/div>\n\t\t\t\t<\/div>\n\t\t\t\t<\/div>\n\t\t\t\t\t<\/div>\n\t\t\t\t<\/div>\n\t\t<div class=\"elementor-element elementor-element-bd96ffe e-flex e-con-boxed e-con e-parent\" data-id=\"bd96ffe\" data-element_type=\"container\" data-e-type=\"container\" data-settings=\"{&quot;background_background&quot;:&quot;classic&quot;,&quot;_ha_eqh_enable&quot;:false}\">\n\t\t\t\t\t<div class=\"e-con-inner\">\n\t\t\t\t\t<\/div>\n\t\t\t\t<\/div>\n\t\t\t\t<\/div>\n\t\t","protected":false},"excerpt":{"rendered":"<p>Hier Erfahren sie mehr \u00fcber uns! Sch\u00f6n, dass Sie da sind! Wir freuen uns, dass Sie her gefunden haben und uns die M\u00f6glichkeit geben in ein paar kurzen S\u00e4tzen zu erkl\u00e4ren, welche Idee hinter link-ed.it steckt und welches Ziel wir mit \u00dcberzeugung angehen. Unsere Anf\u00e4nge Wer sind wir eigentlich? Mein Name ist Stefan W\u00e4hler.Verwurzelt im [&hellip;]<\/p>\n","protected":false},"author":1,"featured_media":0,"parent":0,"menu_order":0,"comment_status":"closed","ping_status":"closed","template":"elementor_header_footer","meta":{"footnotes":""},"class_list":["post-113","page","type-page","status-publish","hentry"],"_links":{"self":[{"href":"https:\/\/link-ed.it\/index.php\/wp-json\/wp\/v2\/pages\/113","targetHints":{"allow":["GET"]}}],"collection":[{"href":"https:\/\/link-ed.it\/index.php\/wp-json\/wp\/v2\/pages"}],"about":[{"href":"https:\/\/link-ed.it\/index.php\/wp-json\/wp\/v2\/types\/page"}],"author":[{"embeddable":true,"href":"https:\/\/link-ed.it\/index.php\/wp-json\/wp\/v2\/users\/1"}],"replies":[{"embeddable":true,"href":"https:\/\/link-ed.it\/index.php\/wp-json\/wp\/v2\/comments?post=113"}],"version-history":[{"count":6,"href":"https:\/\/link-ed.it\/index.php\/wp-json\/wp\/v2\/pages\/113\/revisions"}],"predecessor-version":[{"id":3143,"href":"https:\/\/link-ed.it\/index.php\/wp-json\/wp\/v2\/pages\/113\/revisions\/3143"}],"wp:attachment":[{"href":"https:\/\/link-ed.it\/index.php\/wp-json\/wp\/v2\/media?parent=113"}],"curies":[{"name":"wp","href":"https:\/\/api.w.org\/{rel}","templated":true}]}}