{"id":1128,"date":"2023-07-28T12:58:43","date_gmt":"2023-07-28T12:58:43","guid":{"rendered":"https:\/\/objective-wozniak.217-79-188-77.plesk.page\/?page_id=1128"},"modified":"2024-03-15T10:16:58","modified_gmt":"2024-03-15T10:16:58","slug":"it-infrastruktur","status":"publish","type":"page","link":"https:\/\/link-ed.it\/index.php\/it-infrastruktur\/","title":{"rendered":"IT Infrastruktur"},"content":{"rendered":"\t\t<div data-elementor-type=\"wp-page\" data-elementor-id=\"1128\" class=\"elementor elementor-1128\" data-elementor-settings=\"{&quot;ha_cmc_init_switcher&quot;:&quot;no&quot;}\" data-elementor-post-type=\"page\">\n\t\t\t\t<div class=\"elementor-element elementor-element-41b0de3 e-flex e-con-boxed e-con e-parent\" data-id=\"41b0de3\" data-element_type=\"container\" data-e-type=\"container\" data-settings=\"{&quot;_ha_eqh_enable&quot;:false}\">\n\t\t\t\t\t<div class=\"e-con-inner\">\n\t\t<div class=\"elementor-element elementor-element-eddee3c e-con-full e-flex e-con e-child\" data-id=\"eddee3c\" data-element_type=\"container\" data-e-type=\"container\" data-settings=\"{&quot;background_background&quot;:&quot;classic&quot;,&quot;_ha_eqh_enable&quot;:false}\">\n\t\t\t\t<div class=\"elementor-element elementor-element-dc0b1d2 elementor-widget-mobile__width-initial elementor-widget elementor-widget-heading\" data-id=\"dc0b1d2\" data-element_type=\"widget\" data-e-type=\"widget\" data-widget_type=\"heading.default\">\n\t\t\t\t<div class=\"elementor-widget-container\">\n\t\t\t\t\t<h1 class=\"elementor-heading-title elementor-size-default\">IT INFRASTRUKTUR<\/h1>\t\t\t\t<\/div>\n\t\t\t\t<\/div>\n\t\t\t\t<div class=\"elementor-element elementor-element-26cab22 elementor-widget__width-initial elementor-widget elementor-widget-text-editor\" data-id=\"26cab22\" data-element_type=\"widget\" data-e-type=\"widget\" data-widget_type=\"text-editor.default\">\n\t\t\t\t<div class=\"elementor-widget-container\">\n\t\t\t\t\t\t\t\t\t<p style=\"text-align: center;\">Unsere IT-Experten setzen Ihre Ideen in ma\u00dfgeschneiderte IT-Konzepte um. <br \/>Wir \u00fcberwachen und warten Ihre IT-Infrastruktur, l\u00f6sen auftretende Probleme und realisieren Automatisierungsprozesse nach Ihren W\u00fcnschen.<\/p>\t\t\t\t\t\t\t\t<\/div>\n\t\t\t\t<\/div>\n\t\t\t\t<\/div>\n\t\t\t\t\t<\/div>\n\t\t\t\t<\/div>\n\t\t<div class=\"elementor-element elementor-element-59b7534 e-flex e-con-boxed e-con e-parent\" data-id=\"59b7534\" data-element_type=\"container\" data-e-type=\"container\" data-settings=\"{&quot;background_background&quot;:&quot;classic&quot;,&quot;_ha_eqh_enable&quot;:false}\">\n\t\t\t\t\t<div class=\"e-con-inner\">\n\t\t\t\t<div class=\"elementor-element elementor-element-1cb1143 elementor-widget elementor-widget-spacer\" data-id=\"1cb1143\" data-element_type=\"widget\" data-e-type=\"widget\" data-widget_type=\"spacer.default\">\n\t\t\t\t<div class=\"elementor-widget-container\">\n\t\t\t\t\t\t\t<div class=\"elementor-spacer\">\n\t\t\t<div class=\"elementor-spacer-inner\"><\/div>\n\t\t<\/div>\n\t\t\t\t\t\t<\/div>\n\t\t\t\t<\/div>\n\t\t\t\t\t<\/div>\n\t\t\t\t<\/div>\n\t\t<div class=\"elementor-element elementor-element-a444835 e-flex e-con-boxed e-con e-parent\" data-id=\"a444835\" data-element_type=\"container\" data-e-type=\"container\" data-settings=\"{&quot;background_background&quot;:&quot;classic&quot;,&quot;_ha_eqh_enable&quot;:false}\">\n\t\t\t\t\t<div class=\"e-con-inner\">\n\t\t\t\t<div class=\"elementor-element elementor-element-79b84c3 elementor-view-default elementor-widget elementor-widget-icon\" data-id=\"79b84c3\" data-element_type=\"widget\" data-e-type=\"widget\" data-widget_type=\"icon.default\">\n\t\t\t\t<div class=\"elementor-widget-container\">\n\t\t\t\t\t\t\t<div class=\"elementor-icon-wrapper\">\n\t\t\t<div class=\"elementor-icon\">\n\t\t\t<i aria-hidden=\"true\" class=\"far fa-lightbulb\"><\/i>\t\t\t<\/div>\n\t\t<\/div>\n\t\t\t\t\t\t<\/div>\n\t\t\t\t<\/div>\n\t\t\t\t<div class=\"elementor-element elementor-element-e398b93 elementor-widget elementor-widget-heading\" data-id=\"e398b93\" data-element_type=\"widget\" data-e-type=\"widget\" data-widget_type=\"heading.default\">\n\t\t\t\t<div class=\"elementor-widget-container\">\n\t\t\t\t\t<h2 class=\"elementor-heading-title elementor-size-default\">Alles beginnt mit einer Idee..<\/h2>\t\t\t\t<\/div>\n\t\t\t\t<\/div>\n\t\t\t\t<div class=\"elementor-element elementor-element-1e43a30 elementor-widget elementor-widget-text-editor\" data-id=\"1e43a30\" data-element_type=\"widget\" data-e-type=\"widget\" data-widget_type=\"text-editor.default\">\n\t\t\t\t<div class=\"elementor-widget-container\">\n\t\t\t\t\t\t\t\t\t<p class=\"lead\">Daraus folgt, dass f\u00fcr Sie angepasste Konzept.<br>Wir entwickeln anhand einer Analyse Ihrer IT-Umgebung ein Konzept und erschaffen eine angepasste IT-Infrastruktur. <br>Speziell f\u00fcr Ihre Bed\u00fcrfnisse.<\/p>\n<p>Mit uns als IT-Dienstleister verschaffen Sie Ihrer IT-Abteilung mehr Raum f\u00fcr essentielle Aufgaben wie Innovation und Entwicklung mit der Unterst\u00fctzung unserer Experten.<\/p>\n<p>Wir freuen uns Ihnen weiterzuhelfen.<\/p>\t\t\t\t\t\t\t\t<\/div>\n\t\t\t\t<\/div>\n\t\t\t\t<div class=\"elementor-element elementor-element-0d85180 elementor-widget elementor-widget-text-editor\" data-id=\"0d85180\" data-element_type=\"widget\" data-e-type=\"widget\" data-widget_type=\"text-editor.default\">\n\t\t\t\t<div class=\"elementor-widget-container\">\n\t\t\t\t\t\t\t\t\t<p>\u00a0Bei Bedarf bieten wir Rechenzentrumsdienstleistungen, Hardware-Support und IT-Betrieb, entweder vor Ort oder in unserem eigenen Haus. Mit uns als Partner gewinnt Ihre IT-Abteilung den Raum, den sie f\u00fcr Innovation und Entwicklung ben\u00f6tigt. Kontaktieren Sie uns jetzt, um mehr dar\u00fcber zu erfahren, wie wir Ihnen helfen k\u00f6nnen<\/p>\t\t\t\t\t\t\t\t<\/div>\n\t\t\t\t<\/div>\n\t\t\t\t<div class=\"elementor-element elementor-element-4d5e52e elementor-widget elementor-widget-spacer\" data-id=\"4d5e52e\" data-element_type=\"widget\" data-e-type=\"widget\" data-widget_type=\"spacer.default\">\n\t\t\t\t<div class=\"elementor-widget-container\">\n\t\t\t\t\t\t\t<div class=\"elementor-spacer\">\n\t\t\t<div class=\"elementor-spacer-inner\"><\/div>\n\t\t<\/div>\n\t\t\t\t\t\t<\/div>\n\t\t\t\t<\/div>\n\t\t\t\t\t<\/div>\n\t\t\t\t<\/div>\n\t\t<div class=\"elementor-element elementor-element-04c5753 e-flex e-con-boxed elementor-invisible e-con e-parent\" data-id=\"04c5753\" data-element_type=\"container\" data-e-type=\"container\" data-settings=\"{&quot;animation&quot;:&quot;fadeInDown&quot;,&quot;background_background&quot;:&quot;classic&quot;,&quot;_ha_eqh_enable&quot;:false}\">\n\t\t\t\t\t<div class=\"e-con-inner\">\n\t\t<div class=\"elementor-element elementor-element-7215f62 e-con-full e-flex e-con e-child\" data-id=\"7215f62\" data-element_type=\"container\" data-e-type=\"container\" data-settings=\"{&quot;_ha_eqh_enable&quot;:false}\">\n\t\t\t\t<div class=\"elementor-element elementor-element-8ac10df elementor-widget elementor-widget-image\" data-id=\"8ac10df\" data-element_type=\"widget\" data-e-type=\"widget\" data-widget_type=\"image.default\">\n\t\t\t\t<div class=\"elementor-widget-container\">\n\t\t\t\t\t\t\t\t\t\t\t\t\t\t\t<img fetchpriority=\"high\" decoding=\"async\" width=\"702\" height=\"462\" src=\"https:\/\/link-ed.it\/wp-content\/uploads\/2024\/01\/Bildschirm\u00adfoto-2024-01-18-um-14.53.32.png\" class=\"attachment-large size-large wp-image-2658\" alt=\"\" srcset=\"https:\/\/link-ed.it\/wp-content\/uploads\/2024\/01\/Bildschirm\u00adfoto-2024-01-18-um-14.53.32.png 702w, https:\/\/link-ed.it\/wp-content\/uploads\/2024\/01\/Bildschirm\u00adfoto-2024-01-18-um-14.53.32-300x197.png 300w\" sizes=\"(max-width: 702px) 100vw, 702px\" \/>\t\t\t\t\t\t\t\t\t\t\t\t\t\t\t<\/div>\n\t\t\t\t<\/div>\n\t\t\t\t<\/div>\n\t\t<div class=\"elementor-element elementor-element-26d38db e-con-full e-flex e-con e-child\" data-id=\"26d38db\" data-element_type=\"container\" data-e-type=\"container\" data-settings=\"{&quot;_ha_eqh_enable&quot;:false}\">\n\t\t\t\t<div class=\"elementor-element elementor-element-1029c97 elementor-widget elementor-widget-heading\" data-id=\"1029c97\" data-element_type=\"widget\" data-e-type=\"widget\" data-widget_type=\"heading.default\">\n\t\t\t\t<div class=\"elementor-widget-container\">\n\t\t\t\t\t<h2 class=\"elementor-heading-title elementor-size-default\">Die richtige IT-Infrastruktur f\u00fcr Ihren Neubau oder Umbau finden?<\/h2>\t\t\t\t<\/div>\n\t\t\t\t<\/div>\n\t\t\t\t<div class=\"elementor-element elementor-element-581a9cd elementor-widget elementor-widget-text-editor\" data-id=\"581a9cd\" data-element_type=\"widget\" data-e-type=\"widget\" data-widget_type=\"text-editor.default\">\n\t\t\t\t<div class=\"elementor-widget-container\">\n\t\t\t\t\t\t\t\t\t<p>Das ist eine komplexe Aufgabe, denn jedes Unternehmen ist einzigartig. Es gibt kein allgemeines Konzept. In einem kostenlosen Erstgespr\u00e4ch analysieren wir Ihre Anforderungen und entwickeln gemeinsam mit Ihnen die passende L\u00f6sung. Hier sind einige Fragen, die unsere Kunden oft besch\u00e4ftigen. Erkennen Sie sich wieder? Dann kontaktieren Sie uns<\/p>\t\t\t\t\t\t\t\t<\/div>\n\t\t\t\t<\/div>\n\t\t\t\t<div class=\"elementor-element elementor-element-c8810cf elementor-widget elementor-widget-button\" data-id=\"c8810cf\" data-element_type=\"widget\" data-e-type=\"widget\" data-widget_type=\"button.default\">\n\t\t\t\t<div class=\"elementor-widget-container\">\n\t\t\t\t\t\t\t\t\t<div class=\"elementor-button-wrapper\">\n\t\t\t\t\t<a class=\"elementor-button elementor-button-link elementor-size-sm\" href=\"https:\/\/link-ed.it\/index.php\/kontakt\/\">\n\t\t\t\t\t\t<span class=\"elementor-button-content-wrapper\">\n\t\t\t\t\t\t\t\t\t<span class=\"elementor-button-text\">Interesse geweckt?<\/span>\n\t\t\t\t\t<\/span>\n\t\t\t\t\t<\/a>\n\t\t\t\t<\/div>\n\t\t\t\t\t\t\t\t<\/div>\n\t\t\t\t<\/div>\n\t\t\t\t<\/div>\n\t\t\t\t\t<\/div>\n\t\t\t\t<\/div>\n\t\t<div class=\"elementor-element elementor-element-ce8cfaa e-flex e-con-boxed e-con e-parent\" data-id=\"ce8cfaa\" data-element_type=\"container\" data-e-type=\"container\" data-settings=\"{&quot;_ha_eqh_enable&quot;:false}\">\n\t\t\t\t\t<div class=\"e-con-inner\">\n\t\t\t\t<div class=\"elementor-element elementor-element-818d674 elementor-widget elementor-widget-spacer\" data-id=\"818d674\" data-element_type=\"widget\" data-e-type=\"widget\" data-widget_type=\"spacer.default\">\n\t\t\t\t<div class=\"elementor-widget-container\">\n\t\t\t\t\t\t\t<div class=\"elementor-spacer\">\n\t\t\t<div class=\"elementor-spacer-inner\"><\/div>\n\t\t<\/div>\n\t\t\t\t\t\t<\/div>\n\t\t\t\t<\/div>\n\t\t\t\t\t<\/div>\n\t\t\t\t<\/div>\n\t\t<div class=\"elementor-element elementor-element-dbdab0e e-flex e-con-boxed elementor-invisible e-con e-parent\" data-id=\"dbdab0e\" data-element_type=\"container\" data-e-type=\"container\" data-settings=\"{&quot;animation&quot;:&quot;fadeInRight&quot;,&quot;_ha_eqh_enable&quot;:false}\">\n\t\t\t\t\t<div class=\"e-con-inner\">\n\t\t<div class=\"elementor-element elementor-element-183af47 e-con-full e-flex e-con e-child\" data-id=\"183af47\" data-element_type=\"container\" data-e-type=\"container\" data-settings=\"{&quot;_ha_eqh_enable&quot;:false}\">\n\t\t\t\t<div class=\"elementor-element elementor-element-dd8d536 elementor-widget elementor-widget-heading\" data-id=\"dd8d536\" data-element_type=\"widget\" data-e-type=\"widget\" data-widget_type=\"heading.default\">\n\t\t\t\t<div class=\"elementor-widget-container\">\n\t\t\t\t\t<h2 class=\"elementor-heading-title elementor-size-default\">IT-Infrastrukturplanung f\u00fcr Ihren Firmenumzug<\/h2>\t\t\t\t<\/div>\n\t\t\t\t<\/div>\n\t\t\t\t<div class=\"elementor-element elementor-element-1ed2bcc elementor-widget elementor-widget-text-editor\" data-id=\"1ed2bcc\" data-element_type=\"widget\" data-e-type=\"widget\" data-widget_type=\"text-editor.default\">\n\t\t\t\t<div class=\"elementor-widget-container\">\n\t\t\t\t\t\t\t\t\t<p>Bevor Sie mit Ihrem Unternehmen in ein neues Geb\u00e4ude umziehen, sollten Sie sich einige wichtige Fragen stellen. Wir helfen Ihnen dabei, die richtigen Antworten zu finden und die optimale IT-Infrastruktur f\u00fcr Ihre Anforderungen zu schaffen. Ein Elektrobetrieb vor Ort kann die Planung \u00fcbernehmen, aber passt das wirklich zu Ihren individuellen Bed\u00fcrfnissen? Wir bieten nicht nur professionelle Beratung, sondern setzen auch die Hardware- und Geb\u00e4udetechnik um, um sicherzustellen, dass Ihre IT reibungslos funktioniert.<\/p>\t\t\t\t\t\t\t\t<\/div>\n\t\t\t\t<\/div>\n\t\t\t\t<div class=\"elementor-element elementor-element-c1bc738 elementor-widget elementor-widget-button\" data-id=\"c1bc738\" data-element_type=\"widget\" data-e-type=\"widget\" data-widget_type=\"button.default\">\n\t\t\t\t<div class=\"elementor-widget-container\">\n\t\t\t\t\t\t\t\t\t<div class=\"elementor-button-wrapper\">\n\t\t\t\t\t<a class=\"elementor-button elementor-button-link elementor-size-sm\" href=\"https:\/\/link-ed.it\/index.php\/kontakt\/\">\n\t\t\t\t\t\t<span class=\"elementor-button-content-wrapper\">\n\t\t\t\t\t\t\t\t\t<span class=\"elementor-button-text\">Interesse geweckt?<\/span>\n\t\t\t\t\t<\/span>\n\t\t\t\t\t<\/a>\n\t\t\t\t<\/div>\n\t\t\t\t\t\t\t\t<\/div>\n\t\t\t\t<\/div>\n\t\t\t\t<\/div>\n\t\t<div class=\"elementor-element elementor-element-529f992 e-con-full e-flex e-con e-child\" data-id=\"529f992\" data-element_type=\"container\" data-e-type=\"container\" data-settings=\"{&quot;_ha_eqh_enable&quot;:false}\">\n\t\t\t\t<div class=\"elementor-element elementor-element-4b48f0c elementor-widget elementor-widget-image\" data-id=\"4b48f0c\" data-element_type=\"widget\" data-e-type=\"widget\" data-widget_type=\"image.default\">\n\t\t\t\t<div class=\"elementor-widget-container\">\n\t\t\t\t\t\t\t\t\t\t\t\t\t\t\t<img decoding=\"async\" width=\"706\" height=\"456\" src=\"https:\/\/link-ed.it\/wp-content\/uploads\/2024\/01\/Bildschirm\u00adfoto-2024-01-18-um-14.52.34.png\" class=\"attachment-large size-large wp-image-2661\" alt=\"\" srcset=\"https:\/\/link-ed.it\/wp-content\/uploads\/2024\/01\/Bildschirm\u00adfoto-2024-01-18-um-14.52.34.png 706w, https:\/\/link-ed.it\/wp-content\/uploads\/2024\/01\/Bildschirm\u00adfoto-2024-01-18-um-14.52.34-300x194.png 300w\" sizes=\"(max-width: 706px) 100vw, 706px\" \/>\t\t\t\t\t\t\t\t\t\t\t\t\t\t\t<\/div>\n\t\t\t\t<\/div>\n\t\t\t\t<\/div>\n\t\t\t\t\t<\/div>\n\t\t\t\t<\/div>\n\t\t<div class=\"elementor-element elementor-element-c0f5939 e-flex e-con-boxed e-con e-parent\" data-id=\"c0f5939\" data-element_type=\"container\" data-e-type=\"container\" data-settings=\"{&quot;_ha_eqh_enable&quot;:false}\">\n\t\t\t\t\t<div class=\"e-con-inner\">\n\t\t\t\t<div class=\"elementor-element elementor-element-ad3fdbc elementor-widget elementor-widget-spacer\" data-id=\"ad3fdbc\" data-element_type=\"widget\" data-e-type=\"widget\" data-widget_type=\"spacer.default\">\n\t\t\t\t<div class=\"elementor-widget-container\">\n\t\t\t\t\t\t\t<div class=\"elementor-spacer\">\n\t\t\t<div class=\"elementor-spacer-inner\"><\/div>\n\t\t<\/div>\n\t\t\t\t\t\t<\/div>\n\t\t\t\t<\/div>\n\t\t\t\t\t<\/div>\n\t\t\t\t<\/div>\n\t\t<div class=\"elementor-element elementor-element-6ee87c0 e-flex e-con-boxed elementor-invisible e-con e-parent\" data-id=\"6ee87c0\" data-element_type=\"container\" data-e-type=\"container\" data-settings=\"{&quot;animation&quot;:&quot;fadeInDown&quot;,&quot;background_background&quot;:&quot;classic&quot;,&quot;_ha_eqh_enable&quot;:false}\">\n\t\t\t\t\t<div class=\"e-con-inner\">\n\t\t<div class=\"elementor-element elementor-element-2a249bd e-con-full e-flex e-con e-child\" data-id=\"2a249bd\" data-element_type=\"container\" data-e-type=\"container\" data-settings=\"{&quot;_ha_eqh_enable&quot;:false}\">\n\t\t\t\t<div class=\"elementor-element elementor-element-ac90805 elementor-widget elementor-widget-image\" data-id=\"ac90805\" data-element_type=\"widget\" data-e-type=\"widget\" data-widget_type=\"image.default\">\n\t\t\t\t<div class=\"elementor-widget-container\">\n\t\t\t\t\t\t\t\t\t\t\t\t\t\t\t<img decoding=\"async\" width=\"1024\" height=\"682\" src=\"https:\/\/link-ed.it\/wp-content\/uploads\/2024\/01\/cropped-950379-3-1024x682.jpeg\" class=\"attachment-large size-large wp-image-2662\" alt=\"\" srcset=\"https:\/\/link-ed.it\/wp-content\/uploads\/2024\/01\/cropped-950379-3-1024x682.jpeg 1024w, https:\/\/link-ed.it\/wp-content\/uploads\/2024\/01\/cropped-950379-3-300x200.jpeg 300w, https:\/\/link-ed.it\/wp-content\/uploads\/2024\/01\/cropped-950379-3-768x511.jpeg 768w, https:\/\/link-ed.it\/wp-content\/uploads\/2024\/01\/cropped-950379-3-1536x1023.jpeg 1536w, https:\/\/link-ed.it\/wp-content\/uploads\/2024\/01\/cropped-950379-3.jpeg 1730w\" sizes=\"(max-width: 1024px) 100vw, 1024px\" \/>\t\t\t\t\t\t\t\t\t\t\t\t\t\t\t<\/div>\n\t\t\t\t<\/div>\n\t\t\t\t<\/div>\n\t\t<div class=\"elementor-element elementor-element-b47167e e-con-full e-flex e-con e-child\" data-id=\"b47167e\" data-element_type=\"container\" data-e-type=\"container\" data-settings=\"{&quot;_ha_eqh_enable&quot;:false}\">\n\t\t\t\t<div class=\"elementor-element elementor-element-8aeeb5f elementor-widget elementor-widget-heading\" data-id=\"8aeeb5f\" data-element_type=\"widget\" data-e-type=\"widget\" data-widget_type=\"heading.default\">\n\t\t\t\t<div class=\"elementor-widget-container\">\n\t\t\t\t\t<h2 class=\"elementor-heading-title elementor-size-default\">Schlie\u00dfen Sie Ihre Sicherheitsl\u00fccken unseren Firewall-L\u00f6sungen<\/h2>\t\t\t\t<\/div>\n\t\t\t\t<\/div>\n\t\t\t\t<div class=\"elementor-element elementor-element-33c9d39 elementor-widget elementor-widget-text-editor\" data-id=\"33c9d39\" data-element_type=\"widget\" data-e-type=\"widget\" data-widget_type=\"text-editor.default\">\n\t\t\t\t<div class=\"elementor-widget-container\">\n\t\t\t\t\t\t\t\t\t<p>In einer Zeit, in der Datendiebstahl zur wachsenden Bedrohung wird, ist der Schutz Ihrer Daten und die Sicherheit Ihrer Kunden von entscheidender Bedeutung. Dank unserer hochmodernen Firewall-L\u00f6sungen von Sophos k\u00f6nnen Sie sich effektiv vor den zunehmenden Gefahren aus dem Netz sch\u00fctzen.<\/p><p>Wir bieten Ihnen eine umfassende Palette an Sicherheitsdiensten, darunter Infrastruktur-, Server-, Netzwerk- und E-Mail-Sicherheit, um Ihre IT-Systeme vor unbefugten Zugriffen zu bewahren.<\/p><p>Setzen Sie auf proaktive Sicherheitsma\u00dfnahmen, um sich fr\u00fchzeitig gegen Online-Bedrohungen zu wappnen. Gemeinsam k\u00f6nnen wir Ihr Unternehmen sicherer machen!<\/p><p>Unsere Experten im Bereich IT-Sicherheit unterst\u00fctzen Sie gerne bei der Implementierung und Wartung Ihrer Firewall, Endpoint Protection und WLAN-L\u00f6sungen. Wir analysieren Ihre IT-Sicherheitslage und bieten Ihnen gezielte Verbesserungsvorschl\u00e4ge, damit Sie stets gesch\u00fctzt sind.<\/p>\t\t\t\t\t\t\t\t<\/div>\n\t\t\t\t<\/div>\n\t\t\t\t<div class=\"elementor-element elementor-element-d5c2983 elementor-widget elementor-widget-button\" data-id=\"d5c2983\" data-element_type=\"widget\" data-e-type=\"widget\" data-widget_type=\"button.default\">\n\t\t\t\t<div class=\"elementor-widget-container\">\n\t\t\t\t\t\t\t\t\t<div class=\"elementor-button-wrapper\">\n\t\t\t\t\t<a class=\"elementor-button elementor-button-link elementor-size-sm\" href=\"https:\/\/link-ed.it\/index.php\/kontakt\/\">\n\t\t\t\t\t\t<span class=\"elementor-button-content-wrapper\">\n\t\t\t\t\t\t\t\t\t<span class=\"elementor-button-text\">Interesse geweckt?<\/span>\n\t\t\t\t\t<\/span>\n\t\t\t\t\t<\/a>\n\t\t\t\t<\/div>\n\t\t\t\t\t\t\t\t<\/div>\n\t\t\t\t<\/div>\n\t\t\t\t<\/div>\n\t\t\t\t\t<\/div>\n\t\t\t\t<\/div>\n\t\t<div class=\"elementor-element elementor-element-6832510 e-flex e-con-boxed e-con e-parent\" data-id=\"6832510\" data-element_type=\"container\" data-e-type=\"container\" data-settings=\"{&quot;_ha_eqh_enable&quot;:false}\">\n\t\t\t\t\t<div class=\"e-con-inner\">\n\t\t\t\t<div class=\"elementor-element elementor-element-5f99668 elementor-widget elementor-widget-spacer\" data-id=\"5f99668\" data-element_type=\"widget\" data-e-type=\"widget\" data-widget_type=\"spacer.default\">\n\t\t\t\t<div class=\"elementor-widget-container\">\n\t\t\t\t\t\t\t<div class=\"elementor-spacer\">\n\t\t\t<div class=\"elementor-spacer-inner\"><\/div>\n\t\t<\/div>\n\t\t\t\t\t\t<\/div>\n\t\t\t\t<\/div>\n\t\t\t\t\t<\/div>\n\t\t\t\t<\/div>\n\t\t<div class=\"elementor-element elementor-element-95dbdc7 e-flex e-con-boxed elementor-invisible e-con e-parent\" data-id=\"95dbdc7\" data-element_type=\"container\" data-e-type=\"container\" data-settings=\"{&quot;animation&quot;:&quot;fadeInRight&quot;,&quot;_ha_eqh_enable&quot;:false}\">\n\t\t\t\t\t<div class=\"e-con-inner\">\n\t\t<div class=\"elementor-element elementor-element-8ef9cb6 e-con-full e-flex e-con e-child\" data-id=\"8ef9cb6\" data-element_type=\"container\" data-e-type=\"container\" data-settings=\"{&quot;_ha_eqh_enable&quot;:false}\">\n\t\t\t\t<div class=\"elementor-element elementor-element-3188085 elementor-widget elementor-widget-heading\" data-id=\"3188085\" data-element_type=\"widget\" data-e-type=\"widget\" data-widget_type=\"heading.default\">\n\t\t\t\t<div class=\"elementor-widget-container\">\n\t\t\t\t\t<h2 class=\"elementor-heading-title elementor-size-default\">Ma\u00dfgeschneiderte WLAN-Ausleuchtungsplanungen f\u00fcr nahtlose Konnektivit\u00e4t<\/h2>\t\t\t\t<\/div>\n\t\t\t\t<\/div>\n\t\t\t\t<div class=\"elementor-element elementor-element-2020fd3 elementor-widget elementor-widget-text-editor\" data-id=\"2020fd3\" data-element_type=\"widget\" data-e-type=\"widget\" data-widget_type=\"text-editor.default\">\n\t\t\t\t<div class=\"elementor-widget-container\">\n\t\t\t\t\t\t\t\t\t<p>Bei der Planung neuer Geb\u00e4ude ist die fr\u00fchzeitige Integration einer durchdachten WLAN-Infrastruktur von entscheidender Bedeutung. Wir analysieren architektonische Gegebenheiten, Nutzungsanforderungen und Umgebungsbedingungen, um eine optimale WLAN-Ausleuchtung zu gew\u00e4hrleisten. Dadurch wird sichergestellt, dass Ihre Mitarbeiter, Kunden und G\u00e4ste in jedem Winkel des Geb\u00e4udes von zuverl\u00e4ssiger und schneller drahtloser Konnektivit\u00e4t profitieren k\u00f6nnen.<\/p>\t\t\t\t\t\t\t\t<\/div>\n\t\t\t\t<\/div>\n\t\t\t\t<div class=\"elementor-element elementor-element-8cf267a elementor-widget elementor-widget-button\" data-id=\"8cf267a\" data-element_type=\"widget\" data-e-type=\"widget\" data-widget_type=\"button.default\">\n\t\t\t\t<div class=\"elementor-widget-container\">\n\t\t\t\t\t\t\t\t\t<div class=\"elementor-button-wrapper\">\n\t\t\t\t\t<a class=\"elementor-button elementor-button-link elementor-size-sm\" href=\"https:\/\/link-ed.it\/index.php\/kontakt\/\">\n\t\t\t\t\t\t<span class=\"elementor-button-content-wrapper\">\n\t\t\t\t\t\t\t\t\t<span class=\"elementor-button-text\">Interesse geweckt?<\/span>\n\t\t\t\t\t<\/span>\n\t\t\t\t\t<\/a>\n\t\t\t\t<\/div>\n\t\t\t\t\t\t\t\t<\/div>\n\t\t\t\t<\/div>\n\t\t\t\t<\/div>\n\t\t<div class=\"elementor-element elementor-element-4e9d7cb e-con-full e-flex e-con e-child\" data-id=\"4e9d7cb\" data-element_type=\"container\" data-e-type=\"container\" data-settings=\"{&quot;_ha_eqh_enable&quot;:false}\">\n\t\t\t\t<div class=\"elementor-element elementor-element-28ca4a8 elementor-widget elementor-widget-image\" data-id=\"28ca4a8\" data-element_type=\"widget\" data-e-type=\"widget\" data-widget_type=\"image.default\">\n\t\t\t\t<div class=\"elementor-widget-container\">\n\t\t\t\t\t\t\t\t\t\t\t\t\t\t\t<img loading=\"lazy\" decoding=\"async\" width=\"1024\" height=\"803\" src=\"https:\/\/link-ed.it\/wp-content\/uploads\/2024\/03\/Bildschirmfoto-2024-03-11-um-20.18.32-1024x803.png\" class=\"attachment-large size-large wp-image-2721\" alt=\"\" srcset=\"https:\/\/link-ed.it\/wp-content\/uploads\/2024\/03\/Bildschirmfoto-2024-03-11-um-20.18.32-1024x803.png 1024w, https:\/\/link-ed.it\/wp-content\/uploads\/2024\/03\/Bildschirmfoto-2024-03-11-um-20.18.32-300x235.png 300w, https:\/\/link-ed.it\/wp-content\/uploads\/2024\/03\/Bildschirmfoto-2024-03-11-um-20.18.32-768x603.png 768w, https:\/\/link-ed.it\/wp-content\/uploads\/2024\/03\/Bildschirmfoto-2024-03-11-um-20.18.32-1536x1205.png 1536w, https:\/\/link-ed.it\/wp-content\/uploads\/2024\/03\/Bildschirmfoto-2024-03-11-um-20.18.32.png 1820w\" sizes=\"(max-width: 1024px) 100vw, 1024px\" \/>\t\t\t\t\t\t\t\t\t\t\t\t\t\t\t<\/div>\n\t\t\t\t<\/div>\n\t\t\t\t<\/div>\n\t\t\t\t\t<\/div>\n\t\t\t\t<\/div>\n\t\t<div class=\"elementor-element elementor-element-8c3e1a2 e-con-full e-flex e-con e-parent\" data-id=\"8c3e1a2\" data-element_type=\"container\" data-e-type=\"container\" data-settings=\"{&quot;shape_divider_bottom&quot;:&quot;opacity-tilt&quot;,&quot;_ha_eqh_enable&quot;:false}\">\n\t\t\t\t<div class=\"elementor-shape elementor-shape-bottom\" aria-hidden=\"true\" data-negative=\"false\">\n\t\t\t<svg xmlns=\"http:\/\/www.w3.org\/2000\/svg\" viewBox=\"0 0 2600 131.1\" preserveAspectRatio=\"none\">\n\t<path class=\"elementor-shape-fill\" d=\"M0 0L2600 0 2600 69.1 0 0z\"\/>\n\t<path class=\"elementor-shape-fill\" style=\"opacity:0.5\" d=\"M0 0L2600 0 2600 69.1 0 69.1z\"\/>\n\t<path class=\"elementor-shape-fill\" style=\"opacity:0.25\" d=\"M2600 0L0 0 0 130.1 2600 69.1z\"\/>\n<\/svg>\t\t<\/div>\n\t\t\t\t<div class=\"elementor-element elementor-element-b2db6e4 elementor-widget elementor-widget-spacer\" data-id=\"b2db6e4\" data-element_type=\"widget\" data-e-type=\"widget\" data-widget_type=\"spacer.default\">\n\t\t\t\t<div class=\"elementor-widget-container\">\n\t\t\t\t\t\t\t<div class=\"elementor-spacer\">\n\t\t\t<div class=\"elementor-spacer-inner\"><\/div>\n\t\t<\/div>\n\t\t\t\t\t\t<\/div>\n\t\t\t\t<\/div>\n\t\t\t\t<\/div>\n\t\t\t\t<\/div>\n\t\t","protected":false},"excerpt":{"rendered":"<p>IT INFRASTRUKTUR Unsere IT-Experten setzen Ihre Ideen in ma\u00dfgeschneiderte IT-Konzepte um. Wir \u00fcberwachen und warten Ihre IT-Infrastruktur, l\u00f6sen auftretende Probleme und realisieren Automatisierungsprozesse nach Ihren W\u00fcnschen. Alles beginnt mit einer Idee.. Daraus folgt, dass f\u00fcr Sie angepasste Konzept.Wir entwickeln anhand einer Analyse Ihrer IT-Umgebung ein Konzept und erschaffen eine angepasste IT-Infrastruktur. Speziell f\u00fcr Ihre Bed\u00fcrfnisse. [&hellip;]<\/p>\n","protected":false},"author":1,"featured_media":0,"parent":0,"menu_order":0,"comment_status":"closed","ping_status":"closed","template":"elementor_header_footer","meta":{"footnotes":""},"class_list":["post-1128","page","type-page","status-publish","hentry"],"_links":{"self":[{"href":"https:\/\/link-ed.it\/index.php\/wp-json\/wp\/v2\/pages\/1128","targetHints":{"allow":["GET"]}}],"collection":[{"href":"https:\/\/link-ed.it\/index.php\/wp-json\/wp\/v2\/pages"}],"about":[{"href":"https:\/\/link-ed.it\/index.php\/wp-json\/wp\/v2\/types\/page"}],"author":[{"embeddable":true,"href":"https:\/\/link-ed.it\/index.php\/wp-json\/wp\/v2\/users\/1"}],"replies":[{"embeddable":true,"href":"https:\/\/link-ed.it\/index.php\/wp-json\/wp\/v2\/comments?post=1128"}],"version-history":[{"count":6,"href":"https:\/\/link-ed.it\/index.php\/wp-json\/wp\/v2\/pages\/1128\/revisions"}],"predecessor-version":[{"id":2974,"href":"https:\/\/link-ed.it\/index.php\/wp-json\/wp\/v2\/pages\/1128\/revisions\/2974"}],"wp:attachment":[{"href":"https:\/\/link-ed.it\/index.php\/wp-json\/wp\/v2\/media?parent=1128"}],"curies":[{"name":"wp","href":"https:\/\/api.w.org\/{rel}","templated":true}]}}